{"id":58,"date":"2016-04-27T14:14:12","date_gmt":"2016-04-27T14:14:12","guid":{"rendered":"http:\/\/www.abc.ee\/et\/?page_id=58"},"modified":"2021-05-24T15:15:44","modified_gmt":"2021-05-24T12:15:44","slug":"avaleht","status":"publish","type":"page","link":"https:\/\/abc.demo.merada.dev\/et\/","title":{"rendered":"Avaleht"},"content":{"rendered":"<p>ABC Grupp on Eesti kapitalil p\u00f5hinev ettev\u00f5tete grupp.<\/p>\n<p>ABC Gruppi kuuluvad firmad tegutsevad mitmetes erinevates valdkondades, kuid peamiselt oleme keskendunud s\u00f5idukite m\u00fc\u00fcgile ja hooldusele ning toidu- ja tarbekaupade hulgim\u00fc\u00fcgile. Tuntumad ABC Grupi ettev\u00f5tted on&nbsp;AbeStock AS ja ABC Motors AS.<\/p>\n<p>Meie motiveeritud t\u00f6\u00f6tajad ja pakutavad teenused aitavad toetada teie eesm\u00e4rke.<\/p>\n","protected":false},"excerpt":{"rendered":"<p>ABC Grupp on Eesti kapitalil p\u00f5hinev ettev\u00f5tete grupp. ABC Gruppi kuuluvad firmad tegutsevad mitmetes erinevates valdkondades, kuid peamiselt oleme keskendunud s\u00f5idukite m\u00fc\u00fcgile ja hooldusele ning toidu- ja tarbekaupade hulgim\u00fc\u00fcgile. Tuntumad ABC Grupi ettev\u00f5tted on&nbsp;AbeStock AS ja ABC Motors AS. Meie motiveeritud t\u00f6\u00f6tajad ja pakutavad teenused aitavad toetada teie eesm\u00e4rke.<\/p>\n","protected":false},"author":7,"featured_media":1747,"parent":0,"menu_order":0,"comment_status":"closed","ping_status":"closed","template":"home-template.php","meta":{"_acf_changed":false,"footnotes":""},"class_list":["post-58","page","type-page","status-publish","has-post-thumbnail","hentry"],"acf":[],"yoast_head":"<!-- This site is optimized with the Yoast SEO plugin v23.3 - https:\/\/yoast.com\/wordpress\/plugins\/seo\/ -->\n<title>Avaleht - ABC Grupi AS<\/title>\n<meta name=\"description\" content=\"ABC Grupi AS on \u00fcks suurimaid Eesti kapitalil p\u00f5hinevaid kontserne, millesse kuuluvad ettev\u00f5tted nagu Abestock AS, ABC Supermarkets AS ja ABC Motors AS\" \/>\n<meta name=\"robots\" content=\"index, follow, max-snippet:-1, max-image-preview:large, max-video-preview:-1\" \/>\n<link rel=\"canonical\" href=\"https:\/\/abc.demo.merada.dev\/et\/\" \/>\n<meta property=\"og:locale\" content=\"en_US\" \/>\n<meta property=\"og:type\" content=\"article\" \/>\n<meta property=\"og:title\" content=\"Avaleht - ABC Grupi AS\" \/>\n<meta property=\"og:description\" content=\"ABC Grupi AS on \u00fcks suurimaid Eesti kapitalil p\u00f5hinevaid kontserne, millesse kuuluvad ettev\u00f5tted nagu Abestock AS, ABC Supermarkets AS ja ABC Motors AS\" \/>\n<meta property=\"og:url\" content=\"https:\/\/abc.demo.merada.dev\/et\/\" \/>\n<meta property=\"og:site_name\" content=\"ABC Grupi AS\" \/>\n<meta property=\"article:modified_time\" content=\"2021-05-24T12:15:44+00:00\" \/>\n<meta property=\"og:image\" content=\"https:\/\/abc.demo.merada.dev\/wp-content\/uploads\/2017\/01\/Abc_group_web_bacground_pc_1.jpg\" \/>\n\t<meta property=\"og:image:width\" content=\"3840\" \/>\n\t<meta property=\"og:image:height\" content=\"1701\" \/>\n\t<meta property=\"og:image:type\" content=\"image\/jpeg\" \/>\n<meta name=\"twitter:card\" content=\"summary_large_image\" \/>\n<meta name=\"twitter:label1\" content=\"Est. reading time\" \/>\n\t<meta name=\"twitter:data1\" content=\"1 minute\" \/>\n<script type=\"application\/ld+json\" class=\"yoast-schema-graph\">{\"@context\":\"https:\/\/schema.org\",\"@graph\":[{\"@type\":\"WebPage\",\"@id\":\"https:\/\/abc.demo.merada.dev\/et\/\",\"url\":\"https:\/\/abc.demo.merada.dev\/et\/\",\"name\":\"Avaleht - ABC Grupi AS\",\"isPartOf\":{\"@id\":\"https:\/\/abc.demo.merada.dev\/#website\"},\"primaryImageOfPage\":{\"@id\":\"https:\/\/abc.demo.merada.dev\/et\/#primaryimage\"},\"image\":{\"@id\":\"https:\/\/abc.demo.merada.dev\/et\/#primaryimage\"},\"thumbnailUrl\":\"https:\/\/abc.demo.merada.dev\/wp-content\/uploads\/2017\/01\/Abc_group_web_bacground_pc_1.jpg\",\"datePublished\":\"2016-04-27T14:14:12+00:00\",\"dateModified\":\"2021-05-24T12:15:44+00:00\",\"description\":\"ABC Grupi AS on \u00fcks suurimaid Eesti kapitalil p\u00f5hinevaid kontserne, millesse kuuluvad ettev\u00f5tted nagu Abestock AS, ABC Supermarkets AS ja ABC Motors AS\",\"breadcrumb\":{\"@id\":\"https:\/\/abc.demo.merada.dev\/et\/#breadcrumb\"},\"inLanguage\":\"ru-RU\",\"potentialAction\":[{\"@type\":\"ReadAction\",\"target\":[\"https:\/\/abc.demo.merada.dev\/et\/\"]}]},{\"@type\":\"ImageObject\",\"inLanguage\":\"ru-RU\",\"@id\":\"https:\/\/abc.demo.merada.dev\/et\/#primaryimage\",\"url\":\"https:\/\/abc.demo.merada.dev\/wp-content\/uploads\/2017\/01\/Abc_group_web_bacground_pc_1.jpg\",\"contentUrl\":\"https:\/\/abc.demo.merada.dev\/wp-content\/uploads\/2017\/01\/Abc_group_web_bacground_pc_1.jpg\",\"width\":3840,\"height\":1701},{\"@type\":\"BreadcrumbList\",\"@id\":\"https:\/\/abc.demo.merada.dev\/et\/#breadcrumb\",\"itemListElement\":[{\"@type\":\"ListItem\",\"position\":1,\"name\":\"Home\",\"item\":\"https:\/\/abc.demo.merada.dev\/et\/\"},{\"@type\":\"ListItem\",\"position\":2,\"name\":\"Avaleht\"}]},{\"@type\":\"WebSite\",\"@id\":\"https:\/\/abc.demo.merada.dev\/#website\",\"url\":\"https:\/\/abc.demo.merada.dev\/\",\"name\":\"ABC Grupi AS\",\"description\":\"ABC Grupi koduleht\",\"potentialAction\":[{\"@type\":\"SearchAction\",\"target\":{\"@type\":\"EntryPoint\",\"urlTemplate\":\"https:\/\/abc.demo.merada.dev\/?s={search_term_string}\"},\"query-input\":\"required name=search_term_string\"}],\"inLanguage\":\"ru-RU\"}]}<\/script>\n<!-- \/ Yoast SEO plugin. -->","yoast_head_json":{"title":"Avaleht - ABC Grupi AS","description":"ABC Grupi AS on \u00fcks suurimaid Eesti kapitalil p\u00f5hinevaid kontserne, millesse kuuluvad ettev\u00f5tted nagu Abestock AS, ABC Supermarkets AS ja ABC Motors AS","robots":{"index":"index","follow":"follow","max-snippet":"max-snippet:-1","max-image-preview":"max-image-preview:large","max-video-preview":"max-video-preview:-1"},"canonical":"https:\/\/abc.demo.merada.dev\/et\/","og_locale":"en_US","og_type":"article","og_title":"Avaleht - ABC Grupi AS","og_description":"ABC Grupi AS on \u00fcks suurimaid Eesti kapitalil p\u00f5hinevaid kontserne, millesse kuuluvad ettev\u00f5tted nagu Abestock AS, ABC Supermarkets AS ja ABC Motors AS","og_url":"https:\/\/abc.demo.merada.dev\/et\/","og_site_name":"ABC Grupi AS","article_modified_time":"2021-05-24T12:15:44+00:00","og_image":[{"width":3840,"height":1701,"url":"https:\/\/abc.demo.merada.dev\/wp-content\/uploads\/2017\/01\/Abc_group_web_bacground_pc_1.jpg","type":"image\/jpeg"}],"twitter_card":"summary_large_image","twitter_misc":{"Est. reading time":"1 minute"},"schema":{"@context":"https:\/\/schema.org","@graph":[{"@type":"WebPage","@id":"https:\/\/abc.demo.merada.dev\/et\/","url":"https:\/\/abc.demo.merada.dev\/et\/","name":"Avaleht - ABC Grupi AS","isPartOf":{"@id":"https:\/\/abc.demo.merada.dev\/#website"},"primaryImageOfPage":{"@id":"https:\/\/abc.demo.merada.dev\/et\/#primaryimage"},"image":{"@id":"https:\/\/abc.demo.merada.dev\/et\/#primaryimage"},"thumbnailUrl":"https:\/\/abc.demo.merada.dev\/wp-content\/uploads\/2017\/01\/Abc_group_web_bacground_pc_1.jpg","datePublished":"2016-04-27T14:14:12+00:00","dateModified":"2021-05-24T12:15:44+00:00","description":"ABC Grupi AS on \u00fcks suurimaid Eesti kapitalil p\u00f5hinevaid kontserne, millesse kuuluvad ettev\u00f5tted nagu Abestock AS, ABC Supermarkets AS ja ABC Motors AS","breadcrumb":{"@id":"https:\/\/abc.demo.merada.dev\/et\/#breadcrumb"},"inLanguage":"ru-RU","potentialAction":[{"@type":"ReadAction","target":["https:\/\/abc.demo.merada.dev\/et\/"]}]},{"@type":"ImageObject","inLanguage":"ru-RU","@id":"https:\/\/abc.demo.merada.dev\/et\/#primaryimage","url":"https:\/\/abc.demo.merada.dev\/wp-content\/uploads\/2017\/01\/Abc_group_web_bacground_pc_1.jpg","contentUrl":"https:\/\/abc.demo.merada.dev\/wp-content\/uploads\/2017\/01\/Abc_group_web_bacground_pc_1.jpg","width":3840,"height":1701},{"@type":"BreadcrumbList","@id":"https:\/\/abc.demo.merada.dev\/et\/#breadcrumb","itemListElement":[{"@type":"ListItem","position":1,"name":"Home","item":"https:\/\/abc.demo.merada.dev\/et\/"},{"@type":"ListItem","position":2,"name":"Avaleht"}]},{"@type":"WebSite","@id":"https:\/\/abc.demo.merada.dev\/#website","url":"https:\/\/abc.demo.merada.dev\/","name":"ABC Grupi AS","description":"ABC Grupi koduleht","potentialAction":[{"@type":"SearchAction","target":{"@type":"EntryPoint","urlTemplate":"https:\/\/abc.demo.merada.dev\/?s={search_term_string}"},"query-input":"required name=search_term_string"}],"inLanguage":"ru-RU"}]}},"_links":{"self":[{"href":"https:\/\/abc.demo.merada.dev\/et\/wp-json\/wp\/v2\/pages\/58"}],"collection":[{"href":"https:\/\/abc.demo.merada.dev\/et\/wp-json\/wp\/v2\/pages"}],"about":[{"href":"https:\/\/abc.demo.merada.dev\/et\/wp-json\/wp\/v2\/types\/page"}],"author":[{"embeddable":true,"href":"https:\/\/abc.demo.merada.dev\/et\/wp-json\/wp\/v2\/users\/7"}],"replies":[{"embeddable":true,"href":"https:\/\/abc.demo.merada.dev\/et\/wp-json\/wp\/v2\/comments?post=58"}],"version-history":[{"count":37,"href":"https:\/\/abc.demo.merada.dev\/et\/wp-json\/wp\/v2\/pages\/58\/revisions"}],"predecessor-version":[{"id":3136,"href":"https:\/\/abc.demo.merada.dev\/et\/wp-json\/wp\/v2\/pages\/58\/revisions\/3136"}],"wp:featuredmedia":[{"embeddable":true,"href":"https:\/\/abc.demo.merada.dev\/et\/wp-json\/wp\/v2\/media\/1747"}],"wp:attachment":[{"href":"https:\/\/abc.demo.merada.dev\/et\/wp-json\/wp\/v2\/media?parent=58"}],"curies":[{"name":"wp","href":"https:\/\/api.w.org\/{rel}","templated":true}]}}