{"id":34,"date":"2016-04-27T13:57:57","date_gmt":"2016-04-27T13:57:57","guid":{"rendered":"http:\/\/www.abc.ee\/et\/?page_id=34"},"modified":"2020-06-08T18:14:56","modified_gmt":"2020-06-08T15:14:56","slug":"ettevote","status":"publish","type":"page","link":"https:\/\/abc.demo.merada.dev\/et\/ettevote\/","title":{"rendered":"Ettev\u00f5te"},"content":{"rendered":"","protected":false},"excerpt":{"rendered":"","protected":false},"author":7,"featured_media":0,"parent":0,"menu_order":0,"comment_status":"closed","ping_status":"closed","template":"company-template.php","meta":{"_acf_changed":false,"footnotes":""},"class_list":["post-34","page","type-page","status-publish","hentry"],"acf":[],"yoast_head":"<!-- This site is optimized with the Yoast SEO plugin v23.3 - https:\/\/yoast.com\/wordpress\/plugins\/seo\/ -->\n<title>Ettev\u00f5te - ABC Grupi AS<\/title>\n<meta name=\"description\" content=\"ABC Grupi AS on \u00fcks suurimaid eesti kapitalil p\u00f5hinevaid kontserne Eestis, mis pakub t\u00f6\u00f6d 700le inimesele erinevates valdkondades tegutsevates ettev\u00f5tetes\" \/>\n<meta name=\"robots\" content=\"index, follow, max-snippet:-1, max-image-preview:large, max-video-preview:-1\" \/>\n<link rel=\"canonical\" href=\"https:\/\/abc.demo.merada.dev\/et\/ettevote\/\" \/>\n<meta property=\"og:locale\" content=\"en_US\" \/>\n<meta property=\"og:type\" content=\"article\" \/>\n<meta property=\"og:title\" content=\"Ettev\u00f5te - ABC Grupi AS\" \/>\n<meta property=\"og:description\" content=\"ABC Grupi AS on \u00fcks suurimaid eesti kapitalil p\u00f5hinevaid kontserne Eestis, mis pakub t\u00f6\u00f6d 700le inimesele erinevates valdkondades tegutsevates ettev\u00f5tetes\" \/>\n<meta property=\"og:url\" content=\"https:\/\/abc.demo.merada.dev\/et\/ettevote\/\" \/>\n<meta property=\"og:site_name\" content=\"ABC Grupi AS\" \/>\n<meta property=\"article:modified_time\" content=\"2020-06-08T15:14:56+00:00\" \/>\n<meta name=\"twitter:card\" content=\"summary_large_image\" \/>\n<script type=\"application\/ld+json\" class=\"yoast-schema-graph\">{\"@context\":\"https:\/\/schema.org\",\"@graph\":[{\"@type\":\"WebPage\",\"@id\":\"https:\/\/abc.demo.merada.dev\/et\/ettevote\/\",\"url\":\"https:\/\/abc.demo.merada.dev\/et\/ettevote\/\",\"name\":\"Ettev\u00f5te - ABC Grupi AS\",\"isPartOf\":{\"@id\":\"https:\/\/abc.demo.merada.dev\/#website\"},\"datePublished\":\"2016-04-27T13:57:57+00:00\",\"dateModified\":\"2020-06-08T15:14:56+00:00\",\"description\":\"ABC Grupi AS on \u00fcks suurimaid eesti kapitalil p\u00f5hinevaid kontserne Eestis, mis pakub t\u00f6\u00f6d 700le inimesele erinevates valdkondades tegutsevates ettev\u00f5tetes\",\"breadcrumb\":{\"@id\":\"https:\/\/abc.demo.merada.dev\/et\/ettevote\/#breadcrumb\"},\"inLanguage\":\"ru-RU\",\"potentialAction\":[{\"@type\":\"ReadAction\",\"target\":[\"https:\/\/abc.demo.merada.dev\/et\/ettevote\/\"]}]},{\"@type\":\"BreadcrumbList\",\"@id\":\"https:\/\/abc.demo.merada.dev\/et\/ettevote\/#breadcrumb\",\"itemListElement\":[{\"@type\":\"ListItem\",\"position\":1,\"name\":\"Home\",\"item\":\"https:\/\/abc.demo.merada.dev\/et\/\"},{\"@type\":\"ListItem\",\"position\":2,\"name\":\"Ettev\u00f5te\"}]},{\"@type\":\"WebSite\",\"@id\":\"https:\/\/abc.demo.merada.dev\/#website\",\"url\":\"https:\/\/abc.demo.merada.dev\/\",\"name\":\"ABC Grupi AS\",\"description\":\"ABC Grupi koduleht\",\"potentialAction\":[{\"@type\":\"SearchAction\",\"target\":{\"@type\":\"EntryPoint\",\"urlTemplate\":\"https:\/\/abc.demo.merada.dev\/?s={search_term_string}\"},\"query-input\":\"required name=search_term_string\"}],\"inLanguage\":\"ru-RU\"}]}<\/script>\n<!-- \/ Yoast SEO plugin. -->","yoast_head_json":{"title":"Ettev\u00f5te - ABC Grupi AS","description":"ABC Grupi AS on \u00fcks suurimaid eesti kapitalil p\u00f5hinevaid kontserne Eestis, mis pakub t\u00f6\u00f6d 700le inimesele erinevates valdkondades tegutsevates ettev\u00f5tetes","robots":{"index":"index","follow":"follow","max-snippet":"max-snippet:-1","max-image-preview":"max-image-preview:large","max-video-preview":"max-video-preview:-1"},"canonical":"https:\/\/abc.demo.merada.dev\/et\/ettevote\/","og_locale":"en_US","og_type":"article","og_title":"Ettev\u00f5te - ABC Grupi AS","og_description":"ABC Grupi AS on \u00fcks suurimaid eesti kapitalil p\u00f5hinevaid kontserne Eestis, mis pakub t\u00f6\u00f6d 700le inimesele erinevates valdkondades tegutsevates ettev\u00f5tetes","og_url":"https:\/\/abc.demo.merada.dev\/et\/ettevote\/","og_site_name":"ABC Grupi AS","article_modified_time":"2020-06-08T15:14:56+00:00","twitter_card":"summary_large_image","schema":{"@context":"https:\/\/schema.org","@graph":[{"@type":"WebPage","@id":"https:\/\/abc.demo.merada.dev\/et\/ettevote\/","url":"https:\/\/abc.demo.merada.dev\/et\/ettevote\/","name":"Ettev\u00f5te - ABC Grupi AS","isPartOf":{"@id":"https:\/\/abc.demo.merada.dev\/#website"},"datePublished":"2016-04-27T13:57:57+00:00","dateModified":"2020-06-08T15:14:56+00:00","description":"ABC Grupi AS on \u00fcks suurimaid eesti kapitalil p\u00f5hinevaid kontserne Eestis, mis pakub t\u00f6\u00f6d 700le inimesele erinevates valdkondades tegutsevates ettev\u00f5tetes","breadcrumb":{"@id":"https:\/\/abc.demo.merada.dev\/et\/ettevote\/#breadcrumb"},"inLanguage":"ru-RU","potentialAction":[{"@type":"ReadAction","target":["https:\/\/abc.demo.merada.dev\/et\/ettevote\/"]}]},{"@type":"BreadcrumbList","@id":"https:\/\/abc.demo.merada.dev\/et\/ettevote\/#breadcrumb","itemListElement":[{"@type":"ListItem","position":1,"name":"Home","item":"https:\/\/abc.demo.merada.dev\/et\/"},{"@type":"ListItem","position":2,"name":"Ettev\u00f5te"}]},{"@type":"WebSite","@id":"https:\/\/abc.demo.merada.dev\/#website","url":"https:\/\/abc.demo.merada.dev\/","name":"ABC Grupi AS","description":"ABC Grupi koduleht","potentialAction":[{"@type":"SearchAction","target":{"@type":"EntryPoint","urlTemplate":"https:\/\/abc.demo.merada.dev\/?s={search_term_string}"},"query-input":"required name=search_term_string"}],"inLanguage":"ru-RU"}]}},"_links":{"self":[{"href":"https:\/\/abc.demo.merada.dev\/et\/wp-json\/wp\/v2\/pages\/34"}],"collection":[{"href":"https:\/\/abc.demo.merada.dev\/et\/wp-json\/wp\/v2\/pages"}],"about":[{"href":"https:\/\/abc.demo.merada.dev\/et\/wp-json\/wp\/v2\/types\/page"}],"author":[{"embeddable":true,"href":"https:\/\/abc.demo.merada.dev\/et\/wp-json\/wp\/v2\/users\/7"}],"replies":[{"embeddable":true,"href":"https:\/\/abc.demo.merada.dev\/et\/wp-json\/wp\/v2\/comments?post=34"}],"version-history":[{"count":17,"href":"https:\/\/abc.demo.merada.dev\/et\/wp-json\/wp\/v2\/pages\/34\/revisions"}],"predecessor-version":[{"id":2792,"href":"https:\/\/abc.demo.merada.dev\/et\/wp-json\/wp\/v2\/pages\/34\/revisions\/2792"}],"wp:attachment":[{"href":"https:\/\/abc.demo.merada.dev\/et\/wp-json\/wp\/v2\/media?parent=34"}],"curies":[{"name":"wp","href":"https:\/\/api.w.org\/{rel}","templated":true}]}}