{"id":2574,"date":"2020-05-09T22:55:09","date_gmt":"2020-05-09T19:55:09","guid":{"rendered":"https:\/\/www.abc.ee\/?page_id=2574"},"modified":"2020-05-09T22:59:34","modified_gmt":"2020-05-09T19:59:34","slug":"kliendi-privaatsuspoliitika","status":"publish","type":"page","link":"https:\/\/abc.demo.merada.dev\/et\/kliendi-privaatsuspoliitika\/","title":{"rendered":"Privaatsuspoliitika"},"content":{"rendered":"\n<h1 class=\"wp-block-heading\"><strong>K\u00fcpsised<\/strong><\/h1>\n\n\n\n<br>&nbsp;<\/br>\n\n\n\n<p>Meie veebileht kasutab parema kasutajakogemuse tagamiseks k\u00fcpsiseid. Veebilehte kasutades n\u00f5ustute k\u00fcpsiste kasutamisega vastavalt j\u00e4rgnevalt toodud kirjeldusele (v.a juhul, kui Teie veebilehitseja on seadistatud k\u00fcpsiseid mitte vastu v\u00f5tma).<\/p>\n\n\n\n<p>K\u00e4esoleva privaatsusp\u00f5him\u00f5tte eesm\u00e4rk on teavitada teid kogutava informatsiooni t\u00fc\u00fcpidest ja kasutamisviisidest. Austame oma veebilehe kasutajate privaatsust ning kasutame erinevaid meetmeid, kaitsmaks meile edastatud k\u00fcpsiste andmeid.<\/p>\n\n\n\n<br>&nbsp;<\/br>\n\n\n\n<h3 class=\"wp-block-heading\"><strong>Kuidas k\u00fcpsised toimivad?<\/strong><\/h3>\n\n\n\n<p>K\u00fcpsised on v\u00e4iksed failid, mis saadetakse Teie arvutisse, kui k\u00fclastate veebilehte. Igal j\u00e4rgneval k\u00fclastusel saadetakse k\u00fcpsised tagasi algsele veebilehele v\u00f5i muule veebilehele, mis k\u00fcpsise \u00e4ra tunneb. K\u00fcpsised toimivad veebilehe m\u00e4luna ja v\u00f5imaldavad veebilehel Teie arvutit korduvatel k\u00fclastustel \u00e4ra tunda. Samuti v\u00f5ivad k\u00fcpsised j\u00e4tta meelde Teie eelistusi, parandada kasutuskogemust ja kohandada esitatavaid reklaame just Teile sobivateks.<\/p>\n\n\n\n<br>&nbsp;<\/br>\n\n\n\n<h3 class=\"wp-block-heading\"><strong>Miks me k\u00fcpsiseid kasutame?<\/strong><\/h3>\n\n\n\n<p>Veebilehe t\u00e4iustamine<\/p>\n\n\n\n<p>Kasutame anal\u00fc\u00fcsivahendeid (Google Analytics), et paremini m\u00f5ista, kuidas meie veebilehte kasutatakse. Anal\u00fc\u00fcsivahend kogub k\u00fclastajate k\u00e4itumiste kohta andmeid anon\u00fc\u00fcmselt, Google\u2019le edastatakse k\u00fcpsise poolt loodud andmed ning seda informatsiooni kasutame hindamaks k\u00fclastajate veebilehe kasutamist ning koostada statistilisi aruandeid meie kodulehe kohta.<\/p>\n\n\n\n<p>M\u00fc\u00fcgiedendustegevuse t\u00f5hususe hindamne<\/p>\n\n\n\n<p>J\u00e4lgime, millisel viisil meie veebilehele j\u00f5uti ja milliste allikate kaudu, nii saame hinnata ka reklaamikampaaniate t\u00f5husust.<\/p>\n\n\n\n<br>&nbsp;<\/br>\n\n\n\n<h3 class=\"wp-block-heading\"><strong>Kuidas saab k\u00fcpsiseid hallata?<\/strong><\/h3>\n\n\n\n<p>Enamik veebibrausereid aktsepteerib k\u00fcpsiseid, kuid tavaliselt saate brauseri s\u00e4tteid muuta uutest k\u00fcpsistest keeldumiseks, olemasolevate k\u00fcpsiste keelamiseks v\u00f5i lihtsalt Teie teavitamiseks Teie arvutisse saadetavatest uutest k\u00fcpsistest. Informatsioon veebilehitseja seadistamisest k\u00fcpsistest keeldumiseks v\u00f5i k\u00fcpsistest hoiatamiseks on saadaval Teie veebilehitseja alajaotuses \u201cAbi\u201d (\u201cHelp\u201d).<\/p>\n\n\n\n<br>&nbsp;<\/br>\n\n\n\n<h3 class=\"wp-block-heading\"><strong>Turvalisus<\/strong><\/h3>\n\n\n\n<p>Hindame oma veebilehe kasutajate andmete kaitset k\u00f5rgelt ja teeme k\u00f5ik endast s\u00f5ltuva, et tagada Teie isikuandmete konfidentsiaalsus.<\/p>\n\n\n\n<p>Kui Teil on t\u00e4iendavaid k\u00fcsimusi, v\u00f5tke meiega \u00fchendust aadressil: <a href=\"mailto:info@ledss.eu\">info@abc.ee<\/a><\/p>\n","protected":false},"excerpt":{"rendered":"<p>K\u00fcpsised &nbsp; Meie veebileht kasutab parema kasutajakogemuse tagamiseks k\u00fcpsiseid. Veebilehte kasutades n\u00f5ustute k\u00fcpsiste kasutamisega vastavalt j\u00e4rgnevalt toodud kirjeldusele (v.a juhul, kui Teie veebilehitseja on seadistatud k\u00fcpsiseid mitte vastu v\u00f5tma). K\u00e4esoleva privaatsusp\u00f5him\u00f5tte eesm\u00e4rk on teavitada teid kogutava informatsiooni t\u00fc\u00fcpidest ja kasutamisviisidest. Austame oma veebilehe kasutajate privaatsust ning kasutame erinevaid meetmeid, kaitsmaks meile edastatud k\u00fcpsiste andmeid. &nbsp; [&hellip;]<\/p>\n","protected":false},"author":2,"featured_media":0,"parent":0,"menu_order":0,"comment_status":"closed","ping_status":"closed","template":"","meta":{"_acf_changed":false,"footnotes":""},"class_list":["post-2574","page","type-page","status-publish","hentry"],"acf":[],"yoast_head":"<!-- This site is optimized with the Yoast SEO plugin v23.3 - https:\/\/yoast.com\/wordpress\/plugins\/seo\/ -->\n<title>Privaatsuspoliitika - ABC Grupi AS<\/title>\n<meta name=\"robots\" content=\"index, follow, max-snippet:-1, max-image-preview:large, max-video-preview:-1\" \/>\n<link rel=\"canonical\" href=\"https:\/\/abc.demo.merada.dev\/et\/kliendi-privaatsuspoliitika\/\" \/>\n<meta property=\"og:locale\" content=\"en_US\" \/>\n<meta property=\"og:type\" content=\"article\" \/>\n<meta property=\"og:title\" content=\"Privaatsuspoliitika - ABC Grupi AS\" \/>\n<meta property=\"og:description\" content=\"K\u00fcpsised &nbsp; Meie veebileht kasutab parema kasutajakogemuse tagamiseks k\u00fcpsiseid. Veebilehte kasutades n\u00f5ustute k\u00fcpsiste kasutamisega vastavalt j\u00e4rgnevalt toodud kirjeldusele (v.a juhul, kui Teie veebilehitseja on seadistatud k\u00fcpsiseid mitte vastu v\u00f5tma). K\u00e4esoleva privaatsusp\u00f5him\u00f5tte eesm\u00e4rk on teavitada teid kogutava informatsiooni t\u00fc\u00fcpidest ja kasutamisviisidest. Austame oma veebilehe kasutajate privaatsust ning kasutame erinevaid meetmeid, kaitsmaks meile edastatud k\u00fcpsiste andmeid. &nbsp; [&hellip;]\" \/>\n<meta property=\"og:url\" content=\"https:\/\/abc.demo.merada.dev\/et\/kliendi-privaatsuspoliitika\/\" \/>\n<meta property=\"og:site_name\" content=\"ABC Grupi AS\" \/>\n<meta property=\"article:modified_time\" content=\"2020-05-09T19:59:34+00:00\" \/>\n<meta name=\"twitter:card\" content=\"summary_large_image\" \/>\n<meta name=\"twitter:label1\" content=\"Est. reading time\" \/>\n\t<meta name=\"twitter:data1\" content=\"2 minutes\" \/>\n<script type=\"application\/ld+json\" class=\"yoast-schema-graph\">{\"@context\":\"https:\/\/schema.org\",\"@graph\":[{\"@type\":\"WebPage\",\"@id\":\"https:\/\/abc.demo.merada.dev\/et\/kliendi-privaatsuspoliitika\/\",\"url\":\"https:\/\/abc.demo.merada.dev\/et\/kliendi-privaatsuspoliitika\/\",\"name\":\"Privaatsuspoliitika - ABC Grupi AS\",\"isPartOf\":{\"@id\":\"https:\/\/abc.demo.merada.dev\/#website\"},\"datePublished\":\"2020-05-09T19:55:09+00:00\",\"dateModified\":\"2020-05-09T19:59:34+00:00\",\"breadcrumb\":{\"@id\":\"https:\/\/abc.demo.merada.dev\/et\/kliendi-privaatsuspoliitika\/#breadcrumb\"},\"inLanguage\":\"ru-RU\",\"potentialAction\":[{\"@type\":\"ReadAction\",\"target\":[\"https:\/\/abc.demo.merada.dev\/et\/kliendi-privaatsuspoliitika\/\"]}]},{\"@type\":\"BreadcrumbList\",\"@id\":\"https:\/\/abc.demo.merada.dev\/et\/kliendi-privaatsuspoliitika\/#breadcrumb\",\"itemListElement\":[{\"@type\":\"ListItem\",\"position\":1,\"name\":\"Home\",\"item\":\"https:\/\/abc.demo.merada.dev\/et\/\"},{\"@type\":\"ListItem\",\"position\":2,\"name\":\"Privaatsuspoliitika\"}]},{\"@type\":\"WebSite\",\"@id\":\"https:\/\/abc.demo.merada.dev\/#website\",\"url\":\"https:\/\/abc.demo.merada.dev\/\",\"name\":\"ABC Grupi AS\",\"description\":\"ABC Grupi koduleht\",\"potentialAction\":[{\"@type\":\"SearchAction\",\"target\":{\"@type\":\"EntryPoint\",\"urlTemplate\":\"https:\/\/abc.demo.merada.dev\/?s={search_term_string}\"},\"query-input\":\"required name=search_term_string\"}],\"inLanguage\":\"ru-RU\"}]}<\/script>\n<!-- \/ Yoast SEO plugin. -->","yoast_head_json":{"title":"Privaatsuspoliitika - ABC Grupi AS","robots":{"index":"index","follow":"follow","max-snippet":"max-snippet:-1","max-image-preview":"max-image-preview:large","max-video-preview":"max-video-preview:-1"},"canonical":"https:\/\/abc.demo.merada.dev\/et\/kliendi-privaatsuspoliitika\/","og_locale":"en_US","og_type":"article","og_title":"Privaatsuspoliitika - ABC Grupi AS","og_description":"K\u00fcpsised &nbsp; Meie veebileht kasutab parema kasutajakogemuse tagamiseks k\u00fcpsiseid. Veebilehte kasutades n\u00f5ustute k\u00fcpsiste kasutamisega vastavalt j\u00e4rgnevalt toodud kirjeldusele (v.a juhul, kui Teie veebilehitseja on seadistatud k\u00fcpsiseid mitte vastu v\u00f5tma). K\u00e4esoleva privaatsusp\u00f5him\u00f5tte eesm\u00e4rk on teavitada teid kogutava informatsiooni t\u00fc\u00fcpidest ja kasutamisviisidest. Austame oma veebilehe kasutajate privaatsust ning kasutame erinevaid meetmeid, kaitsmaks meile edastatud k\u00fcpsiste andmeid. &nbsp; [&hellip;]","og_url":"https:\/\/abc.demo.merada.dev\/et\/kliendi-privaatsuspoliitika\/","og_site_name":"ABC Grupi AS","article_modified_time":"2020-05-09T19:59:34+00:00","twitter_card":"summary_large_image","twitter_misc":{"Est. reading time":"2 minutes"},"schema":{"@context":"https:\/\/schema.org","@graph":[{"@type":"WebPage","@id":"https:\/\/abc.demo.merada.dev\/et\/kliendi-privaatsuspoliitika\/","url":"https:\/\/abc.demo.merada.dev\/et\/kliendi-privaatsuspoliitika\/","name":"Privaatsuspoliitika - ABC Grupi AS","isPartOf":{"@id":"https:\/\/abc.demo.merada.dev\/#website"},"datePublished":"2020-05-09T19:55:09+00:00","dateModified":"2020-05-09T19:59:34+00:00","breadcrumb":{"@id":"https:\/\/abc.demo.merada.dev\/et\/kliendi-privaatsuspoliitika\/#breadcrumb"},"inLanguage":"ru-RU","potentialAction":[{"@type":"ReadAction","target":["https:\/\/abc.demo.merada.dev\/et\/kliendi-privaatsuspoliitika\/"]}]},{"@type":"BreadcrumbList","@id":"https:\/\/abc.demo.merada.dev\/et\/kliendi-privaatsuspoliitika\/#breadcrumb","itemListElement":[{"@type":"ListItem","position":1,"name":"Home","item":"https:\/\/abc.demo.merada.dev\/et\/"},{"@type":"ListItem","position":2,"name":"Privaatsuspoliitika"}]},{"@type":"WebSite","@id":"https:\/\/abc.demo.merada.dev\/#website","url":"https:\/\/abc.demo.merada.dev\/","name":"ABC Grupi AS","description":"ABC Grupi koduleht","potentialAction":[{"@type":"SearchAction","target":{"@type":"EntryPoint","urlTemplate":"https:\/\/abc.demo.merada.dev\/?s={search_term_string}"},"query-input":"required name=search_term_string"}],"inLanguage":"ru-RU"}]}},"_links":{"self":[{"href":"https:\/\/abc.demo.merada.dev\/et\/wp-json\/wp\/v2\/pages\/2574"}],"collection":[{"href":"https:\/\/abc.demo.merada.dev\/et\/wp-json\/wp\/v2\/pages"}],"about":[{"href":"https:\/\/abc.demo.merada.dev\/et\/wp-json\/wp\/v2\/types\/page"}],"author":[{"embeddable":true,"href":"https:\/\/abc.demo.merada.dev\/et\/wp-json\/wp\/v2\/users\/2"}],"replies":[{"embeddable":true,"href":"https:\/\/abc.demo.merada.dev\/et\/wp-json\/wp\/v2\/comments?post=2574"}],"version-history":[{"count":1,"href":"https:\/\/abc.demo.merada.dev\/et\/wp-json\/wp\/v2\/pages\/2574\/revisions"}],"predecessor-version":[{"id":2580,"href":"https:\/\/abc.demo.merada.dev\/et\/wp-json\/wp\/v2\/pages\/2574\/revisions\/2580"}],"wp:attachment":[{"href":"https:\/\/abc.demo.merada.dev\/et\/wp-json\/wp\/v2\/media?parent=2574"}],"curies":[{"name":"wp","href":"https:\/\/api.w.org\/{rel}","templated":true}]}}