{"id":25,"date":"2016-04-27T10:42:55","date_gmt":"2016-04-27T10:42:55","guid":{"rendered":"http:\/\/www.abc.ee\/?page_id=25&#038;lang=et"},"modified":"2018-10-31T15:00:23","modified_gmt":"2018-10-31T13:00:23","slug":"brandid","status":"publish","type":"page","link":"https:\/\/abc.demo.merada.dev\/et\/brandid\/","title":{"rendered":"Br\u00e4ndid"},"content":{"rendered":"<ul>\n<li class=\"link_list\">\n<div class=\"date\">\n<p><img decoding=\"async\" src=\"http:\/\/www.abc.ee\/wp-content\/themes\/abcgrupp\/images\/kungla.png\" alt=\"Logo of Kungla\" \/><\/p>\n<h2><a href=\"http:\/\/www.kunglavodka.com\">Kungla<\/a><\/h2>\n<\/div>\n<\/li>\n<li class=\"link_list\">\n<div class=\"date\">\n<p><img decoding=\"async\" src=\"http:\/\/www.abc.ee\/wp-content\/themes\/abcgrupp\/images\/renault.png\" alt=\"Logo of Renault\" \/><\/p>\n<h2><a href=\"http:\/\/www.abcmotors.ee\">Renault<\/a><\/h2>\n<\/div>\n<\/li>\n<li class=\"link_list\">\n<div class=\"date\">\n<p><img decoding=\"async\" src=\"http:\/\/www.abc.ee\/wp-content\/themes\/abcgrupp\/images\/dacia.png\" alt=\"Logo of Dacia\" \/><\/p>\n<h2><a href=\"http:\/\/dacia.abcmotors.ee\">Dacia<\/a><\/h2>\n<\/div>\n<\/li>\n<li class=\"link_list\">\n<div class=\"date\">\n<p><img decoding=\"async\" src=\"http:\/\/www.abc.ee\/wp-content\/themes\/abcgrupp\/images\/barun.png\" alt=\"Logo of Braun\" \/><\/p>\n<h2><a href=\"http:\/\/www.abestock.ee\">Braun<\/a><\/h2>\n<\/div>\n<\/li>\n<li class=\"link_list\">\n<div class=\"date\">\n<p><img decoding=\"async\" src=\"https:\/\/www.abc.ee\/wp-content\/uploads\/2018\/10\/logo_black.png\" alt=\"Logo of Ledss\" \/><\/p>\n<h2><a href=\"http:\/\/www.ledsslighting.com\">Ledss<\/a><\/h2>\n<\/div>\n<\/li>\n<li class=\"link_list\">\n<div class=\"date\">\n<p><img loading=\"lazy\" decoding=\"async\" class=\"alignnone\" src=\"https:\/\/www.abc.ee\/wp-content\/uploads\/2018\/10\/pickertool-2.png\" alt=\"Logo of Pickertool\" width=\"40\" height=\"36\" \/><\/p>\n<h2><a href=\"http:\/\/www.pickertool.com\">Pickertool<\/a><\/h2>\n<\/div>\n<\/li>\n<\/ul>\n","protected":false},"excerpt":{"rendered":"<p>Kungla Renault Dacia Braun Ledss Pickertool<\/p>\n","protected":false},"author":7,"featured_media":0,"parent":0,"menu_order":0,"comment_status":"closed","ping_status":"closed","template":"areas-template.php","meta":{"_acf_changed":false,"footnotes":""},"class_list":["post-25","page","type-page","status-publish","hentry"],"acf":[],"yoast_head":"<!-- This site is optimized with the Yoast SEO plugin v23.3 - https:\/\/yoast.com\/wordpress\/plugins\/seo\/ -->\n<title>Br\u00e4ndid - ABC Grupi AS<\/title>\n<meta name=\"description\" content=\"ABC Grupi AS ettev\u00f5tetel on \u00f5igus esindada Eestis selliseid tuntud br\u00e4nde nagu Braun, Renault ja Dacia. Samuti kuulub kontsernile Kungla kaubam\u00e4rk\" \/>\n<meta name=\"robots\" content=\"index, follow, max-snippet:-1, max-image-preview:large, max-video-preview:-1\" \/>\n<link rel=\"canonical\" href=\"https:\/\/abc.demo.merada.dev\/et\/brandid\/\" \/>\n<meta property=\"og:locale\" content=\"en_US\" \/>\n<meta property=\"og:type\" content=\"article\" \/>\n<meta property=\"og:title\" content=\"Br\u00e4ndid - ABC Grupi AS\" \/>\n<meta property=\"og:description\" content=\"ABC Grupi AS ettev\u00f5tetel on \u00f5igus esindada Eestis selliseid tuntud br\u00e4nde nagu Braun, Renault ja Dacia. Samuti kuulub kontsernile Kungla kaubam\u00e4rk\" \/>\n<meta property=\"og:url\" content=\"https:\/\/abc.demo.merada.dev\/et\/brandid\/\" \/>\n<meta property=\"og:site_name\" content=\"ABC Grupi AS\" \/>\n<meta property=\"article:modified_time\" content=\"2018-10-31T13:00:23+00:00\" \/>\n<meta property=\"og:image\" content=\"http:\/\/www.abc.ee\/wp-content\/themes\/abcgrupp\/images\/kungla.png\" \/>\n<meta name=\"twitter:card\" content=\"summary_large_image\" \/>\n<script type=\"application\/ld+json\" class=\"yoast-schema-graph\">{\"@context\":\"https:\/\/schema.org\",\"@graph\":[{\"@type\":\"WebPage\",\"@id\":\"https:\/\/abc.demo.merada.dev\/et\/brandid\/\",\"url\":\"https:\/\/abc.demo.merada.dev\/et\/brandid\/\",\"name\":\"Br\u00e4ndid - ABC Grupi AS\",\"isPartOf\":{\"@id\":\"https:\/\/abc.demo.merada.dev\/#website\"},\"primaryImageOfPage\":{\"@id\":\"https:\/\/abc.demo.merada.dev\/et\/brandid\/#primaryimage\"},\"image\":{\"@id\":\"https:\/\/abc.demo.merada.dev\/et\/brandid\/#primaryimage\"},\"thumbnailUrl\":\"http:\/\/www.abc.ee\/wp-content\/themes\/abcgrupp\/images\/kungla.png\",\"datePublished\":\"2016-04-27T10:42:55+00:00\",\"dateModified\":\"2018-10-31T13:00:23+00:00\",\"description\":\"ABC Grupi AS ettev\u00f5tetel on \u00f5igus esindada Eestis selliseid tuntud br\u00e4nde nagu Braun, Renault ja Dacia. Samuti kuulub kontsernile Kungla kaubam\u00e4rk\",\"breadcrumb\":{\"@id\":\"https:\/\/abc.demo.merada.dev\/et\/brandid\/#breadcrumb\"},\"inLanguage\":\"ru-RU\",\"potentialAction\":[{\"@type\":\"ReadAction\",\"target\":[\"https:\/\/abc.demo.merada.dev\/et\/brandid\/\"]}]},{\"@type\":\"ImageObject\",\"inLanguage\":\"ru-RU\",\"@id\":\"https:\/\/abc.demo.merada.dev\/et\/brandid\/#primaryimage\",\"url\":\"http:\/\/www.abc.ee\/wp-content\/themes\/abcgrupp\/images\/kungla.png\",\"contentUrl\":\"http:\/\/www.abc.ee\/wp-content\/themes\/abcgrupp\/images\/kungla.png\"},{\"@type\":\"BreadcrumbList\",\"@id\":\"https:\/\/abc.demo.merada.dev\/et\/brandid\/#breadcrumb\",\"itemListElement\":[{\"@type\":\"ListItem\",\"position\":1,\"name\":\"Home\",\"item\":\"https:\/\/abc.demo.merada.dev\/et\/\"},{\"@type\":\"ListItem\",\"position\":2,\"name\":\"Br\u00e4ndid\"}]},{\"@type\":\"WebSite\",\"@id\":\"https:\/\/abc.demo.merada.dev\/#website\",\"url\":\"https:\/\/abc.demo.merada.dev\/\",\"name\":\"ABC Grupi AS\",\"description\":\"ABC Grupi koduleht\",\"potentialAction\":[{\"@type\":\"SearchAction\",\"target\":{\"@type\":\"EntryPoint\",\"urlTemplate\":\"https:\/\/abc.demo.merada.dev\/?s={search_term_string}\"},\"query-input\":\"required name=search_term_string\"}],\"inLanguage\":\"ru-RU\"}]}<\/script>\n<!-- \/ Yoast SEO plugin. -->","yoast_head_json":{"title":"Br\u00e4ndid - ABC Grupi AS","description":"ABC Grupi AS ettev\u00f5tetel on \u00f5igus esindada Eestis selliseid tuntud br\u00e4nde nagu Braun, Renault ja Dacia. Samuti kuulub kontsernile Kungla kaubam\u00e4rk","robots":{"index":"index","follow":"follow","max-snippet":"max-snippet:-1","max-image-preview":"max-image-preview:large","max-video-preview":"max-video-preview:-1"},"canonical":"https:\/\/abc.demo.merada.dev\/et\/brandid\/","og_locale":"en_US","og_type":"article","og_title":"Br\u00e4ndid - ABC Grupi AS","og_description":"ABC Grupi AS ettev\u00f5tetel on \u00f5igus esindada Eestis selliseid tuntud br\u00e4nde nagu Braun, Renault ja Dacia. Samuti kuulub kontsernile Kungla kaubam\u00e4rk","og_url":"https:\/\/abc.demo.merada.dev\/et\/brandid\/","og_site_name":"ABC Grupi AS","article_modified_time":"2018-10-31T13:00:23+00:00","og_image":[{"url":"http:\/\/www.abc.ee\/wp-content\/themes\/abcgrupp\/images\/kungla.png"}],"twitter_card":"summary_large_image","schema":{"@context":"https:\/\/schema.org","@graph":[{"@type":"WebPage","@id":"https:\/\/abc.demo.merada.dev\/et\/brandid\/","url":"https:\/\/abc.demo.merada.dev\/et\/brandid\/","name":"Br\u00e4ndid - ABC Grupi AS","isPartOf":{"@id":"https:\/\/abc.demo.merada.dev\/#website"},"primaryImageOfPage":{"@id":"https:\/\/abc.demo.merada.dev\/et\/brandid\/#primaryimage"},"image":{"@id":"https:\/\/abc.demo.merada.dev\/et\/brandid\/#primaryimage"},"thumbnailUrl":"http:\/\/www.abc.ee\/wp-content\/themes\/abcgrupp\/images\/kungla.png","datePublished":"2016-04-27T10:42:55+00:00","dateModified":"2018-10-31T13:00:23+00:00","description":"ABC Grupi AS ettev\u00f5tetel on \u00f5igus esindada Eestis selliseid tuntud br\u00e4nde nagu Braun, Renault ja Dacia. Samuti kuulub kontsernile Kungla kaubam\u00e4rk","breadcrumb":{"@id":"https:\/\/abc.demo.merada.dev\/et\/brandid\/#breadcrumb"},"inLanguage":"ru-RU","potentialAction":[{"@type":"ReadAction","target":["https:\/\/abc.demo.merada.dev\/et\/brandid\/"]}]},{"@type":"ImageObject","inLanguage":"ru-RU","@id":"https:\/\/abc.demo.merada.dev\/et\/brandid\/#primaryimage","url":"http:\/\/www.abc.ee\/wp-content\/themes\/abcgrupp\/images\/kungla.png","contentUrl":"http:\/\/www.abc.ee\/wp-content\/themes\/abcgrupp\/images\/kungla.png"},{"@type":"BreadcrumbList","@id":"https:\/\/abc.demo.merada.dev\/et\/brandid\/#breadcrumb","itemListElement":[{"@type":"ListItem","position":1,"name":"Home","item":"https:\/\/abc.demo.merada.dev\/et\/"},{"@type":"ListItem","position":2,"name":"Br\u00e4ndid"}]},{"@type":"WebSite","@id":"https:\/\/abc.demo.merada.dev\/#website","url":"https:\/\/abc.demo.merada.dev\/","name":"ABC Grupi AS","description":"ABC Grupi koduleht","potentialAction":[{"@type":"SearchAction","target":{"@type":"EntryPoint","urlTemplate":"https:\/\/abc.demo.merada.dev\/?s={search_term_string}"},"query-input":"required name=search_term_string"}],"inLanguage":"ru-RU"}]}},"_links":{"self":[{"href":"https:\/\/abc.demo.merada.dev\/et\/wp-json\/wp\/v2\/pages\/25"}],"collection":[{"href":"https:\/\/abc.demo.merada.dev\/et\/wp-json\/wp\/v2\/pages"}],"about":[{"href":"https:\/\/abc.demo.merada.dev\/et\/wp-json\/wp\/v2\/types\/page"}],"author":[{"embeddable":true,"href":"https:\/\/abc.demo.merada.dev\/et\/wp-json\/wp\/v2\/users\/7"}],"replies":[{"embeddable":true,"href":"https:\/\/abc.demo.merada.dev\/et\/wp-json\/wp\/v2\/comments?post=25"}],"version-history":[{"count":7,"href":"https:\/\/abc.demo.merada.dev\/et\/wp-json\/wp\/v2\/pages\/25\/revisions"}],"predecessor-version":[{"id":2189,"href":"https:\/\/abc.demo.merada.dev\/et\/wp-json\/wp\/v2\/pages\/25\/revisions\/2189"}],"wp:attachment":[{"href":"https:\/\/abc.demo.merada.dev\/et\/wp-json\/wp\/v2\/media?parent=25"}],"curies":[{"name":"wp","href":"https:\/\/api.w.org\/{rel}","templated":true}]}}