{"id":2079,"date":"2018-06-05T15:05:59","date_gmt":"2018-06-05T12:05:59","guid":{"rendered":"http:\/\/www.abc.ee\/?page_id=2079"},"modified":"2020-07-30T12:28:13","modified_gmt":"2020-07-30T09:28:13","slug":"andmekaitse","status":"publish","type":"page","link":"https:\/\/abc.demo.merada.dev\/et\/andmekaitse\/","title":{"rendered":"Andmekaitse"},"content":{"rendered":"<p>Lugupeetud kandidaat<\/p>\n<p>Teie poolt esitatud avalduses ja CV-s sisalduvaid andmeid s\u00e4ilitatakse ABC Grupiga seotud ettev\u00f5tete (nagu AbeStock AS, ABC Motors AS, ABC Rent Eesti AS, Merada O\u00dc, Modera AS, Unifed O\u00dc) \u00fchtses personaliotsingu andmebaasis ainult selleks, et t\u00f6\u00f6le v\u00e4rbamisel kaaluda Teie sobivust m\u00f5nele ametikohale. Tagame, et kandidaatide isikuandmeid ei kasutata mingis muus kontekstis ja neid ei edastata kolmandatele isikutele. Teie andmeid s\u00e4ilitatakse maksimaalselt 5 aastat alates v\u00e4rbamisprotsessi l\u00f5ppemisest, seej\u00e4rel h\u00e4vitatakse Teie andmed n\u00f5uetekohasel viisil.<\/p>\n<p>Teil on igal ajal \u00f5igus saada teavet meie poolt s\u00e4ilitatavate Teie kohta kogutud andmete ning Teid puudutavate otsuste tegemise kohta. Samuti kustutame Teie andmed kohe, kui Te selleks soovi avaldate.<\/p>\n<p>Andmete vastutav t\u00f6\u00f6tleja on ettev\u00f5te, kuhu olete kandideerinud. Kui Teil tekib isikuandmete t\u00f6\u00f6tlemise kohta k\u00fcsimusi, v\u00f5tke meiega e-posti <a href=\"mailto:personal@abc.ee\">personal@abc.ee<\/a> teel \u00fchendust.\u00a0Kandideerides annate oma n\u00f5usoleku, et jagame vajadusel Teie andmeid oma koost\u00f6\u00f6partneritega ainult sellel m\u00e4\u00e4ral ja eesm\u00e4rgil, mis on v\u00e4rbamisprotsessi raames vajalik.<\/p>\n","protected":false},"excerpt":{"rendered":"<p>Lugupeetud kandidaat Teie poolt esitatud avalduses ja CV-s sisalduvaid andmeid s\u00e4ilitatakse ABC Grupiga seotud ettev\u00f5tete (nagu AbeStock AS, ABC Motors AS, ABC Rent Eesti AS, Merada O\u00dc, Modera AS, Unifed O\u00dc) \u00fchtses personaliotsingu andmebaasis ainult selleks, et t\u00f6\u00f6le v\u00e4rbamisel kaaluda Teie sobivust m\u00f5nele ametikohale. Tagame, et kandidaatide isikuandmeid ei kasutata mingis muus kontekstis ja neid [&hellip;]<\/p>\n","protected":false},"author":2,"featured_media":0,"parent":0,"menu_order":0,"comment_status":"closed","ping_status":"closed","template":"","meta":{"_acf_changed":false,"footnotes":""},"class_list":["post-2079","page","type-page","status-publish","hentry"],"acf":[],"yoast_head":"<!-- This site is optimized with the Yoast SEO plugin v23.3 - https:\/\/yoast.com\/wordpress\/plugins\/seo\/ -->\n<title>Andmekaitse - ABC Grupi AS<\/title>\n<meta name=\"robots\" content=\"index, follow, max-snippet:-1, max-image-preview:large, max-video-preview:-1\" \/>\n<link rel=\"canonical\" href=\"https:\/\/abc.demo.merada.dev\/et\/andmekaitse\/\" \/>\n<meta property=\"og:locale\" content=\"en_US\" \/>\n<meta property=\"og:type\" content=\"article\" \/>\n<meta property=\"og:title\" content=\"Andmekaitse - ABC Grupi AS\" \/>\n<meta property=\"og:description\" content=\"Lugupeetud kandidaat Teie poolt esitatud avalduses ja CV-s sisalduvaid andmeid s\u00e4ilitatakse ABC Grupiga seotud ettev\u00f5tete (nagu AbeStock AS, ABC Motors AS, ABC Rent Eesti AS, Merada O\u00dc, Modera AS, Unifed O\u00dc) \u00fchtses personaliotsingu andmebaasis ainult selleks, et t\u00f6\u00f6le v\u00e4rbamisel kaaluda Teie sobivust m\u00f5nele ametikohale. Tagame, et kandidaatide isikuandmeid ei kasutata mingis muus kontekstis ja neid [&hellip;]\" \/>\n<meta property=\"og:url\" content=\"https:\/\/abc.demo.merada.dev\/et\/andmekaitse\/\" \/>\n<meta property=\"og:site_name\" content=\"ABC Grupi AS\" \/>\n<meta property=\"article:modified_time\" content=\"2020-07-30T09:28:13+00:00\" \/>\n<meta name=\"twitter:card\" content=\"summary_large_image\" \/>\n<meta name=\"twitter:label1\" content=\"Est. reading time\" \/>\n\t<meta name=\"twitter:data1\" content=\"1 minute\" \/>\n<script type=\"application\/ld+json\" class=\"yoast-schema-graph\">{\"@context\":\"https:\/\/schema.org\",\"@graph\":[{\"@type\":\"WebPage\",\"@id\":\"https:\/\/abc.demo.merada.dev\/et\/andmekaitse\/\",\"url\":\"https:\/\/abc.demo.merada.dev\/et\/andmekaitse\/\",\"name\":\"Andmekaitse - ABC Grupi AS\",\"isPartOf\":{\"@id\":\"https:\/\/abc.demo.merada.dev\/#website\"},\"datePublished\":\"2018-06-05T12:05:59+00:00\",\"dateModified\":\"2020-07-30T09:28:13+00:00\",\"breadcrumb\":{\"@id\":\"https:\/\/abc.demo.merada.dev\/et\/andmekaitse\/#breadcrumb\"},\"inLanguage\":\"ru-RU\",\"potentialAction\":[{\"@type\":\"ReadAction\",\"target\":[\"https:\/\/abc.demo.merada.dev\/et\/andmekaitse\/\"]}]},{\"@type\":\"BreadcrumbList\",\"@id\":\"https:\/\/abc.demo.merada.dev\/et\/andmekaitse\/#breadcrumb\",\"itemListElement\":[{\"@type\":\"ListItem\",\"position\":1,\"name\":\"Home\",\"item\":\"https:\/\/abc.demo.merada.dev\/et\/\"},{\"@type\":\"ListItem\",\"position\":2,\"name\":\"Andmekaitse\"}]},{\"@type\":\"WebSite\",\"@id\":\"https:\/\/abc.demo.merada.dev\/#website\",\"url\":\"https:\/\/abc.demo.merada.dev\/\",\"name\":\"ABC Grupi AS\",\"description\":\"ABC Grupi koduleht\",\"potentialAction\":[{\"@type\":\"SearchAction\",\"target\":{\"@type\":\"EntryPoint\",\"urlTemplate\":\"https:\/\/abc.demo.merada.dev\/?s={search_term_string}\"},\"query-input\":\"required name=search_term_string\"}],\"inLanguage\":\"ru-RU\"}]}<\/script>\n<!-- \/ Yoast SEO plugin. -->","yoast_head_json":{"title":"Andmekaitse - ABC Grupi AS","robots":{"index":"index","follow":"follow","max-snippet":"max-snippet:-1","max-image-preview":"max-image-preview:large","max-video-preview":"max-video-preview:-1"},"canonical":"https:\/\/abc.demo.merada.dev\/et\/andmekaitse\/","og_locale":"en_US","og_type":"article","og_title":"Andmekaitse - ABC Grupi AS","og_description":"Lugupeetud kandidaat Teie poolt esitatud avalduses ja CV-s sisalduvaid andmeid s\u00e4ilitatakse ABC Grupiga seotud ettev\u00f5tete (nagu AbeStock AS, ABC Motors AS, ABC Rent Eesti AS, Merada O\u00dc, Modera AS, Unifed O\u00dc) \u00fchtses personaliotsingu andmebaasis ainult selleks, et t\u00f6\u00f6le v\u00e4rbamisel kaaluda Teie sobivust m\u00f5nele ametikohale. Tagame, et kandidaatide isikuandmeid ei kasutata mingis muus kontekstis ja neid [&hellip;]","og_url":"https:\/\/abc.demo.merada.dev\/et\/andmekaitse\/","og_site_name":"ABC Grupi AS","article_modified_time":"2020-07-30T09:28:13+00:00","twitter_card":"summary_large_image","twitter_misc":{"Est. reading time":"1 minute"},"schema":{"@context":"https:\/\/schema.org","@graph":[{"@type":"WebPage","@id":"https:\/\/abc.demo.merada.dev\/et\/andmekaitse\/","url":"https:\/\/abc.demo.merada.dev\/et\/andmekaitse\/","name":"Andmekaitse - ABC Grupi AS","isPartOf":{"@id":"https:\/\/abc.demo.merada.dev\/#website"},"datePublished":"2018-06-05T12:05:59+00:00","dateModified":"2020-07-30T09:28:13+00:00","breadcrumb":{"@id":"https:\/\/abc.demo.merada.dev\/et\/andmekaitse\/#breadcrumb"},"inLanguage":"ru-RU","potentialAction":[{"@type":"ReadAction","target":["https:\/\/abc.demo.merada.dev\/et\/andmekaitse\/"]}]},{"@type":"BreadcrumbList","@id":"https:\/\/abc.demo.merada.dev\/et\/andmekaitse\/#breadcrumb","itemListElement":[{"@type":"ListItem","position":1,"name":"Home","item":"https:\/\/abc.demo.merada.dev\/et\/"},{"@type":"ListItem","position":2,"name":"Andmekaitse"}]},{"@type":"WebSite","@id":"https:\/\/abc.demo.merada.dev\/#website","url":"https:\/\/abc.demo.merada.dev\/","name":"ABC Grupi AS","description":"ABC Grupi koduleht","potentialAction":[{"@type":"SearchAction","target":{"@type":"EntryPoint","urlTemplate":"https:\/\/abc.demo.merada.dev\/?s={search_term_string}"},"query-input":"required name=search_term_string"}],"inLanguage":"ru-RU"}]}},"_links":{"self":[{"href":"https:\/\/abc.demo.merada.dev\/et\/wp-json\/wp\/v2\/pages\/2079"}],"collection":[{"href":"https:\/\/abc.demo.merada.dev\/et\/wp-json\/wp\/v2\/pages"}],"about":[{"href":"https:\/\/abc.demo.merada.dev\/et\/wp-json\/wp\/v2\/types\/page"}],"author":[{"embeddable":true,"href":"https:\/\/abc.demo.merada.dev\/et\/wp-json\/wp\/v2\/users\/2"}],"replies":[{"embeddable":true,"href":"https:\/\/abc.demo.merada.dev\/et\/wp-json\/wp\/v2\/comments?post=2079"}],"version-history":[{"count":7,"href":"https:\/\/abc.demo.merada.dev\/et\/wp-json\/wp\/v2\/pages\/2079\/revisions"}],"predecessor-version":[{"id":2955,"href":"https:\/\/abc.demo.merada.dev\/et\/wp-json\/wp\/v2\/pages\/2079\/revisions\/2955"}],"wp:attachment":[{"href":"https:\/\/abc.demo.merada.dev\/et\/wp-json\/wp\/v2\/media?parent=2079"}],"curies":[{"name":"wp","href":"https:\/\/api.w.org\/{rel}","templated":true}]}}