{"id":140,"date":"2016-04-28T07:58:06","date_gmt":"2016-04-28T07:58:06","guid":{"rendered":"http:\/\/www.abc.ee\/et\/?page_id=140"},"modified":"2020-07-31T17:17:41","modified_gmt":"2020-07-31T14:17:41","slug":"tule-toole","status":"publish","type":"page","link":"https:\/\/abc.demo.merada.dev\/et\/tule-toole\/","title":{"rendered":"Tule t\u00f6\u00f6le"},"content":{"rendered":"<p><strong>J\u00fcri Vips, ABC Grupi looja: <\/strong><\/p>\n<p>ABC Grupi eesm\u00e4rgiks on v\u00e4lja arendada parima meeskonnaga kaubandusettev\u00f5tetest koosnev kontsern.<\/p>\n<p>Meie edu aluseks on toredates kollektiivides juhtidele ja spetsialistidele v\u00f5imaluste andmine kiireks arenguks ja eneseteostuseks.<\/p>\n<p>Meie ettev\u00f5tte t\u00f6\u00f6tajad on meie k\u00f5ige suurem v\u00e4\u00e4rtus. Soovime panustada iga t\u00f6\u00f6taja arengusse ning avalikustada kaasaaegses kommunikatsioonikeskonnas edukate t\u00f6\u00f6tajate olulised saavutused.<\/p>\n<p>Kui Sa soovid t\u00f6\u00f6tada k\u00f5rge firmakultuuriga ettev\u00f5ttes, pead lugu kaasaegsest t\u00f6\u00f6keskonnast ning Sulle on t\u00e4htsad m\u00f5isted ausus, austus ja areng, oled oodatud kandideerima meie vabadele t\u00f6\u00f6kohtadele.<\/p>\n","protected":false},"excerpt":{"rendered":"<p>J\u00fcri Vips, ABC Grupi looja: ABC Grupi eesm\u00e4rgiks on v\u00e4lja arendada parima meeskonnaga kaubandusettev\u00f5tetest koosnev kontsern. Meie edu aluseks on toredates kollektiivides juhtidele ja spetsialistidele v\u00f5imaluste andmine kiireks arenguks ja eneseteostuseks. Meie ettev\u00f5tte t\u00f6\u00f6tajad on meie k\u00f5ige suurem v\u00e4\u00e4rtus. Soovime panustada iga t\u00f6\u00f6taja arengusse ning avalikustada kaasaaegses kommunikatsioonikeskonnas edukate t\u00f6\u00f6tajate olulised saavutused. Kui Sa soovid [&hellip;]<\/p>\n","protected":false},"author":7,"featured_media":88,"parent":0,"menu_order":0,"comment_status":"closed","ping_status":"closed","template":"work-with-us.php","meta":{"_acf_changed":false,"footnotes":""},"class_list":["post-140","page","type-page","status-publish","has-post-thumbnail","hentry"],"acf":[],"yoast_head":"<!-- This site is optimized with the Yoast SEO plugin v23.3 - https:\/\/yoast.com\/wordpress\/plugins\/seo\/ -->\n<title>Tule t\u00f6\u00f6le - ABC Grupi AS<\/title>\n<meta name=\"description\" content=\"ABC Grupi AS suurimaks v\u00e4\u00e4rtuseks on t\u00f6\u00f6tajad. Asjatundlikud, entusiastlikud ning sihikindlad t\u00f6\u00f6tajad on meie edu pandiks. Kandideeri meile t\u00f6\u00f6le juba t\u00e4na\" \/>\n<meta name=\"robots\" content=\"index, follow, max-snippet:-1, max-image-preview:large, max-video-preview:-1\" \/>\n<link rel=\"canonical\" href=\"https:\/\/abc.demo.merada.dev\/et\/tule-toole\/\" \/>\n<meta property=\"og:locale\" content=\"en_US\" \/>\n<meta property=\"og:type\" content=\"article\" \/>\n<meta property=\"og:title\" content=\"Tule t\u00f6\u00f6le - ABC Grupi AS\" \/>\n<meta property=\"og:description\" content=\"ABC Grupi AS suurimaks v\u00e4\u00e4rtuseks on t\u00f6\u00f6tajad. Asjatundlikud, entusiastlikud ning sihikindlad t\u00f6\u00f6tajad on meie edu pandiks. Kandideeri meile t\u00f6\u00f6le juba t\u00e4na\" \/>\n<meta property=\"og:url\" content=\"https:\/\/abc.demo.merada.dev\/et\/tule-toole\/\" \/>\n<meta property=\"og:site_name\" content=\"ABC Grupi AS\" \/>\n<meta property=\"article:modified_time\" content=\"2020-07-31T14:17:41+00:00\" \/>\n<meta property=\"og:image\" content=\"https:\/\/abc.demo.merada.dev\/wp-content\/uploads\/2016\/04\/banner-2.jpg\" \/>\n\t<meta property=\"og:image:width\" content=\"1349\" \/>\n\t<meta property=\"og:image:height\" content=\"398\" \/>\n\t<meta property=\"og:image:type\" content=\"image\/jpeg\" \/>\n<meta name=\"twitter:card\" content=\"summary_large_image\" \/>\n<script type=\"application\/ld+json\" class=\"yoast-schema-graph\">{\"@context\":\"https:\/\/schema.org\",\"@graph\":[{\"@type\":\"WebPage\",\"@id\":\"https:\/\/abc.demo.merada.dev\/et\/tule-toole\/\",\"url\":\"https:\/\/abc.demo.merada.dev\/et\/tule-toole\/\",\"name\":\"Tule t\u00f6\u00f6le - ABC Grupi AS\",\"isPartOf\":{\"@id\":\"https:\/\/abc.demo.merada.dev\/#website\"},\"primaryImageOfPage\":{\"@id\":\"https:\/\/abc.demo.merada.dev\/et\/tule-toole\/#primaryimage\"},\"image\":{\"@id\":\"https:\/\/abc.demo.merada.dev\/et\/tule-toole\/#primaryimage\"},\"thumbnailUrl\":\"https:\/\/abc.demo.merada.dev\/wp-content\/uploads\/2016\/04\/banner-2.jpg\",\"datePublished\":\"2016-04-28T07:58:06+00:00\",\"dateModified\":\"2020-07-31T14:17:41+00:00\",\"description\":\"ABC Grupi AS suurimaks v\u00e4\u00e4rtuseks on t\u00f6\u00f6tajad. Asjatundlikud, entusiastlikud ning sihikindlad t\u00f6\u00f6tajad on meie edu pandiks. Kandideeri meile t\u00f6\u00f6le juba t\u00e4na\",\"breadcrumb\":{\"@id\":\"https:\/\/abc.demo.merada.dev\/et\/tule-toole\/#breadcrumb\"},\"inLanguage\":\"ru-RU\",\"potentialAction\":[{\"@type\":\"ReadAction\",\"target\":[\"https:\/\/abc.demo.merada.dev\/et\/tule-toole\/\"]}]},{\"@type\":\"ImageObject\",\"inLanguage\":\"ru-RU\",\"@id\":\"https:\/\/abc.demo.merada.dev\/et\/tule-toole\/#primaryimage\",\"url\":\"https:\/\/abc.demo.merada.dev\/wp-content\/uploads\/2016\/04\/banner-2.jpg\",\"contentUrl\":\"https:\/\/abc.demo.merada.dev\/wp-content\/uploads\/2016\/04\/banner-2.jpg\",\"width\":1349,\"height\":398,\"caption\":\"Banner of ABG Grupi AS homepage\"},{\"@type\":\"BreadcrumbList\",\"@id\":\"https:\/\/abc.demo.merada.dev\/et\/tule-toole\/#breadcrumb\",\"itemListElement\":[{\"@type\":\"ListItem\",\"position\":1,\"name\":\"Home\",\"item\":\"https:\/\/abc.demo.merada.dev\/et\/\"},{\"@type\":\"ListItem\",\"position\":2,\"name\":\"Tule t\u00f6\u00f6le\"}]},{\"@type\":\"WebSite\",\"@id\":\"https:\/\/abc.demo.merada.dev\/#website\",\"url\":\"https:\/\/abc.demo.merada.dev\/\",\"name\":\"ABC Grupi AS\",\"description\":\"ABC Grupi koduleht\",\"potentialAction\":[{\"@type\":\"SearchAction\",\"target\":{\"@type\":\"EntryPoint\",\"urlTemplate\":\"https:\/\/abc.demo.merada.dev\/?s={search_term_string}\"},\"query-input\":\"required name=search_term_string\"}],\"inLanguage\":\"ru-RU\"}]}<\/script>\n<!-- \/ Yoast SEO plugin. -->","yoast_head_json":{"title":"Tule t\u00f6\u00f6le - ABC Grupi AS","description":"ABC Grupi AS suurimaks v\u00e4\u00e4rtuseks on t\u00f6\u00f6tajad. Asjatundlikud, entusiastlikud ning sihikindlad t\u00f6\u00f6tajad on meie edu pandiks. Kandideeri meile t\u00f6\u00f6le juba t\u00e4na","robots":{"index":"index","follow":"follow","max-snippet":"max-snippet:-1","max-image-preview":"max-image-preview:large","max-video-preview":"max-video-preview:-1"},"canonical":"https:\/\/abc.demo.merada.dev\/et\/tule-toole\/","og_locale":"en_US","og_type":"article","og_title":"Tule t\u00f6\u00f6le - ABC Grupi AS","og_description":"ABC Grupi AS suurimaks v\u00e4\u00e4rtuseks on t\u00f6\u00f6tajad. Asjatundlikud, entusiastlikud ning sihikindlad t\u00f6\u00f6tajad on meie edu pandiks. Kandideeri meile t\u00f6\u00f6le juba t\u00e4na","og_url":"https:\/\/abc.demo.merada.dev\/et\/tule-toole\/","og_site_name":"ABC Grupi AS","article_modified_time":"2020-07-31T14:17:41+00:00","og_image":[{"width":1349,"height":398,"url":"https:\/\/abc.demo.merada.dev\/wp-content\/uploads\/2016\/04\/banner-2.jpg","type":"image\/jpeg"}],"twitter_card":"summary_large_image","schema":{"@context":"https:\/\/schema.org","@graph":[{"@type":"WebPage","@id":"https:\/\/abc.demo.merada.dev\/et\/tule-toole\/","url":"https:\/\/abc.demo.merada.dev\/et\/tule-toole\/","name":"Tule t\u00f6\u00f6le - ABC Grupi AS","isPartOf":{"@id":"https:\/\/abc.demo.merada.dev\/#website"},"primaryImageOfPage":{"@id":"https:\/\/abc.demo.merada.dev\/et\/tule-toole\/#primaryimage"},"image":{"@id":"https:\/\/abc.demo.merada.dev\/et\/tule-toole\/#primaryimage"},"thumbnailUrl":"https:\/\/abc.demo.merada.dev\/wp-content\/uploads\/2016\/04\/banner-2.jpg","datePublished":"2016-04-28T07:58:06+00:00","dateModified":"2020-07-31T14:17:41+00:00","description":"ABC Grupi AS suurimaks v\u00e4\u00e4rtuseks on t\u00f6\u00f6tajad. Asjatundlikud, entusiastlikud ning sihikindlad t\u00f6\u00f6tajad on meie edu pandiks. Kandideeri meile t\u00f6\u00f6le juba t\u00e4na","breadcrumb":{"@id":"https:\/\/abc.demo.merada.dev\/et\/tule-toole\/#breadcrumb"},"inLanguage":"ru-RU","potentialAction":[{"@type":"ReadAction","target":["https:\/\/abc.demo.merada.dev\/et\/tule-toole\/"]}]},{"@type":"ImageObject","inLanguage":"ru-RU","@id":"https:\/\/abc.demo.merada.dev\/et\/tule-toole\/#primaryimage","url":"https:\/\/abc.demo.merada.dev\/wp-content\/uploads\/2016\/04\/banner-2.jpg","contentUrl":"https:\/\/abc.demo.merada.dev\/wp-content\/uploads\/2016\/04\/banner-2.jpg","width":1349,"height":398,"caption":"Banner of ABG Grupi AS homepage"},{"@type":"BreadcrumbList","@id":"https:\/\/abc.demo.merada.dev\/et\/tule-toole\/#breadcrumb","itemListElement":[{"@type":"ListItem","position":1,"name":"Home","item":"https:\/\/abc.demo.merada.dev\/et\/"},{"@type":"ListItem","position":2,"name":"Tule t\u00f6\u00f6le"}]},{"@type":"WebSite","@id":"https:\/\/abc.demo.merada.dev\/#website","url":"https:\/\/abc.demo.merada.dev\/","name":"ABC Grupi AS","description":"ABC Grupi koduleht","potentialAction":[{"@type":"SearchAction","target":{"@type":"EntryPoint","urlTemplate":"https:\/\/abc.demo.merada.dev\/?s={search_term_string}"},"query-input":"required name=search_term_string"}],"inLanguage":"ru-RU"}]}},"_links":{"self":[{"href":"https:\/\/abc.demo.merada.dev\/et\/wp-json\/wp\/v2\/pages\/140"}],"collection":[{"href":"https:\/\/abc.demo.merada.dev\/et\/wp-json\/wp\/v2\/pages"}],"about":[{"href":"https:\/\/abc.demo.merada.dev\/et\/wp-json\/wp\/v2\/types\/page"}],"author":[{"embeddable":true,"href":"https:\/\/abc.demo.merada.dev\/et\/wp-json\/wp\/v2\/users\/7"}],"replies":[{"embeddable":true,"href":"https:\/\/abc.demo.merada.dev\/et\/wp-json\/wp\/v2\/comments?post=140"}],"version-history":[{"count":13,"href":"https:\/\/abc.demo.merada.dev\/et\/wp-json\/wp\/v2\/pages\/140\/revisions"}],"predecessor-version":[{"id":3019,"href":"https:\/\/abc.demo.merada.dev\/et\/wp-json\/wp\/v2\/pages\/140\/revisions\/3019"}],"wp:featuredmedia":[{"embeddable":true,"href":"https:\/\/abc.demo.merada.dev\/et\/wp-json\/wp\/v2\/media\/88"}],"wp:attachment":[{"href":"https:\/\/abc.demo.merada.dev\/et\/wp-json\/wp\/v2\/media?parent=140"}],"curies":[{"name":"wp","href":"https:\/\/api.w.org\/{rel}","templated":true}]}}