{"id":113,"date":"2016-04-28T07:50:06","date_gmt":"2016-04-28T07:50:06","guid":{"rendered":"http:\/\/www.abc.ee\/et\/?page_id=113"},"modified":"2016-05-03T07:55:19","modified_gmt":"2016-05-03T07:55:19","slug":"uudised","status":"publish","type":"page","link":"https:\/\/abc.demo.merada.dev\/et\/uudised\/","title":{"rendered":"Uudised"},"content":{"rendered":"","protected":false},"excerpt":{"rendered":"","protected":false},"author":7,"featured_media":82,"parent":0,"menu_order":0,"comment_status":"closed","ping_status":"closed","template":"news-template.php","meta":{"_acf_changed":false,"footnotes":""},"class_list":["post-113","page","type-page","status-publish","has-post-thumbnail","hentry"],"acf":[],"yoast_head":"<!-- This site is optimized with the Yoast SEO plugin v23.3 - https:\/\/yoast.com\/wordpress\/plugins\/seo\/ -->\n<title>Uudised - ABC Grupi AS<\/title>\n<meta name=\"description\" content=\"Alati v\u00e4rsked uudised ABC Grupi AS konsolideerimisgruppi kuuluvate ettev\u00f5tete tegevuse kohta. Kl\u00f5psa siia et lugeda ABC Supermarketsist ja paljust muust\" \/>\n<meta name=\"robots\" content=\"index, follow, max-snippet:-1, max-image-preview:large, max-video-preview:-1\" \/>\n<link rel=\"canonical\" href=\"https:\/\/abc.demo.merada.dev\/et\/uudised\/\" \/>\n<meta property=\"og:locale\" content=\"en_US\" \/>\n<meta property=\"og:type\" content=\"article\" \/>\n<meta property=\"og:title\" content=\"Uudised - ABC Grupi AS\" \/>\n<meta property=\"og:description\" content=\"Alati v\u00e4rsked uudised ABC Grupi AS konsolideerimisgruppi kuuluvate ettev\u00f5tete tegevuse kohta. Kl\u00f5psa siia et lugeda ABC Supermarketsist ja paljust muust\" \/>\n<meta property=\"og:url\" content=\"https:\/\/abc.demo.merada.dev\/et\/uudised\/\" \/>\n<meta property=\"og:site_name\" content=\"ABC Grupi AS\" \/>\n<meta property=\"article:modified_time\" content=\"2016-05-03T07:55:19+00:00\" \/>\n<meta property=\"og:image\" content=\"https:\/\/abc.demo.merada.dev\/wp-content\/uploads\/2016\/04\/banner-6.jpg\" \/>\n\t<meta property=\"og:image:width\" content=\"1349\" \/>\n\t<meta property=\"og:image:height\" content=\"398\" \/>\n\t<meta property=\"og:image:type\" content=\"image\/jpeg\" \/>\n<meta name=\"twitter:card\" content=\"summary_large_image\" \/>\n<script type=\"application\/ld+json\" class=\"yoast-schema-graph\">{\"@context\":\"https:\/\/schema.org\",\"@graph\":[{\"@type\":\"WebPage\",\"@id\":\"https:\/\/abc.demo.merada.dev\/et\/uudised\/\",\"url\":\"https:\/\/abc.demo.merada.dev\/et\/uudised\/\",\"name\":\"Uudised - ABC Grupi AS\",\"isPartOf\":{\"@id\":\"https:\/\/abc.demo.merada.dev\/#website\"},\"primaryImageOfPage\":{\"@id\":\"https:\/\/abc.demo.merada.dev\/et\/uudised\/#primaryimage\"},\"image\":{\"@id\":\"https:\/\/abc.demo.merada.dev\/et\/uudised\/#primaryimage\"},\"thumbnailUrl\":\"https:\/\/abc.demo.merada.dev\/wp-content\/uploads\/2016\/04\/banner-6.jpg\",\"datePublished\":\"2016-04-28T07:50:06+00:00\",\"dateModified\":\"2016-05-03T07:55:19+00:00\",\"description\":\"Alati v\u00e4rsked uudised ABC Grupi AS konsolideerimisgruppi kuuluvate ettev\u00f5tete tegevuse kohta. Kl\u00f5psa siia et lugeda ABC Supermarketsist ja paljust muust\",\"breadcrumb\":{\"@id\":\"https:\/\/abc.demo.merada.dev\/et\/uudised\/#breadcrumb\"},\"inLanguage\":\"ru-RU\",\"potentialAction\":[{\"@type\":\"ReadAction\",\"target\":[\"https:\/\/abc.demo.merada.dev\/et\/uudised\/\"]}]},{\"@type\":\"ImageObject\",\"inLanguage\":\"ru-RU\",\"@id\":\"https:\/\/abc.demo.merada.dev\/et\/uudised\/#primaryimage\",\"url\":\"https:\/\/abc.demo.merada.dev\/wp-content\/uploads\/2016\/04\/banner-6.jpg\",\"contentUrl\":\"https:\/\/abc.demo.merada.dev\/wp-content\/uploads\/2016\/04\/banner-6.jpg\",\"width\":1349,\"height\":398,\"caption\":\"Banner of ABG Grupi AS homepage\"},{\"@type\":\"BreadcrumbList\",\"@id\":\"https:\/\/abc.demo.merada.dev\/et\/uudised\/#breadcrumb\",\"itemListElement\":[{\"@type\":\"ListItem\",\"position\":1,\"name\":\"Home\",\"item\":\"https:\/\/abc.demo.merada.dev\/et\/\"},{\"@type\":\"ListItem\",\"position\":2,\"name\":\"Uudised\"}]},{\"@type\":\"WebSite\",\"@id\":\"https:\/\/abc.demo.merada.dev\/#website\",\"url\":\"https:\/\/abc.demo.merada.dev\/\",\"name\":\"ABC Grupi AS\",\"description\":\"ABC Grupi koduleht\",\"potentialAction\":[{\"@type\":\"SearchAction\",\"target\":{\"@type\":\"EntryPoint\",\"urlTemplate\":\"https:\/\/abc.demo.merada.dev\/?s={search_term_string}\"},\"query-input\":\"required name=search_term_string\"}],\"inLanguage\":\"ru-RU\"}]}<\/script>\n<!-- \/ Yoast SEO plugin. -->","yoast_head_json":{"title":"Uudised - ABC Grupi AS","description":"Alati v\u00e4rsked uudised ABC Grupi AS konsolideerimisgruppi kuuluvate ettev\u00f5tete tegevuse kohta. Kl\u00f5psa siia et lugeda ABC Supermarketsist ja paljust muust","robots":{"index":"index","follow":"follow","max-snippet":"max-snippet:-1","max-image-preview":"max-image-preview:large","max-video-preview":"max-video-preview:-1"},"canonical":"https:\/\/abc.demo.merada.dev\/et\/uudised\/","og_locale":"en_US","og_type":"article","og_title":"Uudised - ABC Grupi AS","og_description":"Alati v\u00e4rsked uudised ABC Grupi AS konsolideerimisgruppi kuuluvate ettev\u00f5tete tegevuse kohta. Kl\u00f5psa siia et lugeda ABC Supermarketsist ja paljust muust","og_url":"https:\/\/abc.demo.merada.dev\/et\/uudised\/","og_site_name":"ABC Grupi AS","article_modified_time":"2016-05-03T07:55:19+00:00","og_image":[{"width":1349,"height":398,"url":"https:\/\/abc.demo.merada.dev\/wp-content\/uploads\/2016\/04\/banner-6.jpg","type":"image\/jpeg"}],"twitter_card":"summary_large_image","schema":{"@context":"https:\/\/schema.org","@graph":[{"@type":"WebPage","@id":"https:\/\/abc.demo.merada.dev\/et\/uudised\/","url":"https:\/\/abc.demo.merada.dev\/et\/uudised\/","name":"Uudised - ABC Grupi AS","isPartOf":{"@id":"https:\/\/abc.demo.merada.dev\/#website"},"primaryImageOfPage":{"@id":"https:\/\/abc.demo.merada.dev\/et\/uudised\/#primaryimage"},"image":{"@id":"https:\/\/abc.demo.merada.dev\/et\/uudised\/#primaryimage"},"thumbnailUrl":"https:\/\/abc.demo.merada.dev\/wp-content\/uploads\/2016\/04\/banner-6.jpg","datePublished":"2016-04-28T07:50:06+00:00","dateModified":"2016-05-03T07:55:19+00:00","description":"Alati v\u00e4rsked uudised ABC Grupi AS konsolideerimisgruppi kuuluvate ettev\u00f5tete tegevuse kohta. Kl\u00f5psa siia et lugeda ABC Supermarketsist ja paljust muust","breadcrumb":{"@id":"https:\/\/abc.demo.merada.dev\/et\/uudised\/#breadcrumb"},"inLanguage":"ru-RU","potentialAction":[{"@type":"ReadAction","target":["https:\/\/abc.demo.merada.dev\/et\/uudised\/"]}]},{"@type":"ImageObject","inLanguage":"ru-RU","@id":"https:\/\/abc.demo.merada.dev\/et\/uudised\/#primaryimage","url":"https:\/\/abc.demo.merada.dev\/wp-content\/uploads\/2016\/04\/banner-6.jpg","contentUrl":"https:\/\/abc.demo.merada.dev\/wp-content\/uploads\/2016\/04\/banner-6.jpg","width":1349,"height":398,"caption":"Banner of ABG Grupi AS homepage"},{"@type":"BreadcrumbList","@id":"https:\/\/abc.demo.merada.dev\/et\/uudised\/#breadcrumb","itemListElement":[{"@type":"ListItem","position":1,"name":"Home","item":"https:\/\/abc.demo.merada.dev\/et\/"},{"@type":"ListItem","position":2,"name":"Uudised"}]},{"@type":"WebSite","@id":"https:\/\/abc.demo.merada.dev\/#website","url":"https:\/\/abc.demo.merada.dev\/","name":"ABC Grupi AS","description":"ABC Grupi koduleht","potentialAction":[{"@type":"SearchAction","target":{"@type":"EntryPoint","urlTemplate":"https:\/\/abc.demo.merada.dev\/?s={search_term_string}"},"query-input":"required name=search_term_string"}],"inLanguage":"ru-RU"}]}},"_links":{"self":[{"href":"https:\/\/abc.demo.merada.dev\/et\/wp-json\/wp\/v2\/pages\/113"}],"collection":[{"href":"https:\/\/abc.demo.merada.dev\/et\/wp-json\/wp\/v2\/pages"}],"about":[{"href":"https:\/\/abc.demo.merada.dev\/et\/wp-json\/wp\/v2\/types\/page"}],"author":[{"embeddable":true,"href":"https:\/\/abc.demo.merada.dev\/et\/wp-json\/wp\/v2\/users\/7"}],"replies":[{"embeddable":true,"href":"https:\/\/abc.demo.merada.dev\/et\/wp-json\/wp\/v2\/comments?post=113"}],"version-history":[{"count":1,"href":"https:\/\/abc.demo.merada.dev\/et\/wp-json\/wp\/v2\/pages\/113\/revisions"}],"predecessor-version":[{"id":114,"href":"https:\/\/abc.demo.merada.dev\/et\/wp-json\/wp\/v2\/pages\/113\/revisions\/114"}],"wp:featuredmedia":[{"embeddable":true,"href":"https:\/\/abc.demo.merada.dev\/et\/wp-json\/wp\/v2\/media\/82"}],"wp:attachment":[{"href":"https:\/\/abc.demo.merada.dev\/et\/wp-json\/wp\/v2\/media?parent=113"}],"curies":[{"name":"wp","href":"https:\/\/api.w.org\/{rel}","templated":true}]}}