{"id":960,"date":"2016-05-11T13:31:04","date_gmt":"2016-05-11T10:31:04","guid":{"rendered":"http:\/\/www.abc.ee\/de\/?page_id=960"},"modified":"2020-07-31T17:18:17","modified_gmt":"2020-07-31T14:18:17","slug":"stellenangebote","status":"publish","type":"page","link":"https:\/\/abc.demo.merada.dev\/de\/stellenangebote\/","title":{"rendered":"Stellenangebote"},"content":{"rendered":"<p><strong>J\u00fcri Vips, Gr\u00fcnder von ABC Grupp: <\/strong><\/p>\n<p>Das Ziel der ABC Grupp besteht darin, einen Konzern zu entwickeln, der aus Handelsunternehmen mit den besten Mitarbeiterteams besteht.<\/p>\n<p>Die Grundlage f\u00fcr unseren Erfolg sind die M\u00f6glichkeiten zur schnellen Entwicklung und Selbstverwirklichung, die wir unseren leitenden Mitarbeitern und Spezialisten in tollen Arbeitsteams er\u00f6ffnen.<\/p>\n<p>Die Mitarbeiter unseres Unternehmens sind unser gr\u00f6\u00dfter Schatz. Wir m\u00f6chten in die Entwicklung jedes einzelnen Mitarbeiters investieren und auf den modernen Kommunikationswegen die bedeutenden Errungenschaften besonders erfolgreicher Mitarbeiter ver\u00f6ffentlichen.<\/p>\n<p>Wenn Sie in einem Unternehmen mit einer hohen Firmenkultur besch\u00e4ftigt sein m\u00f6chten, ein modernes Arbeitsumfeld sch\u00e4tzen und wenn Ihnen Ehrlichkeit, Wertsch\u00e4tzung und Entwicklung wichtig sind, freuen wir uns auf Ihre Bewerbung auf unsere vakanten Stellen.<\/p>\n","protected":false},"excerpt":{"rendered":"<p>J\u00fcri Vips, Gr\u00fcnder von ABC Grupp: Das Ziel der ABC Grupp besteht darin, einen Konzern zu entwickeln, der aus Handelsunternehmen mit den besten Mitarbeiterteams besteht. Die Grundlage f\u00fcr unseren Erfolg sind die M\u00f6glichkeiten zur schnellen Entwicklung und Selbstverwirklichung, die wir unseren leitenden Mitarbeitern und Spezialisten in tollen Arbeitsteams er\u00f6ffnen. Die Mitarbeiter unseres Unternehmens sind unser [&hellip;]<\/p>\n","protected":false},"author":7,"featured_media":962,"parent":0,"menu_order":0,"comment_status":"closed","ping_status":"closed","template":"work-with-us.php","meta":{"_acf_changed":false,"footnotes":""},"class_list":["post-960","page","type-page","status-publish","has-post-thumbnail","hentry"],"acf":[],"yoast_head":"<!-- This site is optimized with the Yoast SEO plugin v23.3 - https:\/\/yoast.com\/wordpress\/plugins\/seo\/ -->\n<title>Stellenangebote - ABC Grupi AS<\/title>\n<meta name=\"robots\" content=\"index, follow, max-snippet:-1, max-image-preview:large, max-video-preview:-1\" \/>\n<link rel=\"canonical\" href=\"https:\/\/abc.demo.merada.dev\/de\/stellenangebote\/\" \/>\n<meta property=\"og:locale\" content=\"de_DE\" \/>\n<meta property=\"og:type\" content=\"article\" \/>\n<meta property=\"og:title\" content=\"Stellenangebote - ABC Grupi AS\" \/>\n<meta property=\"og:description\" content=\"J\u00fcri Vips, Gr\u00fcnder von ABC Grupp: Das Ziel der ABC Grupp besteht darin, einen Konzern zu entwickeln, der aus Handelsunternehmen mit den besten Mitarbeiterteams besteht. Die Grundlage f\u00fcr unseren Erfolg sind die M\u00f6glichkeiten zur schnellen Entwicklung und Selbstverwirklichung, die wir unseren leitenden Mitarbeitern und Spezialisten in tollen Arbeitsteams er\u00f6ffnen. Die Mitarbeiter unseres Unternehmens sind unser [&hellip;]\" \/>\n<meta property=\"og:url\" content=\"https:\/\/abc.demo.merada.dev\/de\/stellenangebote\/\" \/>\n<meta property=\"og:site_name\" content=\"ABC Grupi AS\" \/>\n<meta property=\"article:modified_time\" content=\"2020-07-31T14:18:17+00:00\" \/>\n<meta property=\"og:image\" content=\"https:\/\/abc.demo.merada.dev\/wp-content\/uploads\/2016\/04\/banner-2.jpg\" \/>\n\t<meta property=\"og:image:width\" content=\"1349\" \/>\n\t<meta property=\"og:image:height\" content=\"398\" \/>\n\t<meta property=\"og:image:type\" content=\"image\/jpeg\" \/>\n<meta name=\"twitter:card\" content=\"summary_large_image\" \/>\n<meta name=\"twitter:label1\" content=\"Gesch\u00e4tzte Lesezeit\" \/>\n\t<meta name=\"twitter:data1\" content=\"1 Minute\" \/>\n<script type=\"application\/ld+json\" class=\"yoast-schema-graph\">{\"@context\":\"https:\/\/schema.org\",\"@graph\":[{\"@type\":\"WebPage\",\"@id\":\"https:\/\/abc.demo.merada.dev\/de\/stellenangebote\/\",\"url\":\"https:\/\/abc.demo.merada.dev\/de\/stellenangebote\/\",\"name\":\"Stellenangebote - ABC Grupi AS\",\"isPartOf\":{\"@id\":\"https:\/\/abc.demo.merada.dev\/#website\"},\"primaryImageOfPage\":{\"@id\":\"https:\/\/abc.demo.merada.dev\/de\/stellenangebote\/#primaryimage\"},\"image\":{\"@id\":\"https:\/\/abc.demo.merada.dev\/de\/stellenangebote\/#primaryimage\"},\"thumbnailUrl\":\"https:\/\/abc.demo.merada.dev\/wp-content\/uploads\/2016\/04\/banner-2.jpg\",\"datePublished\":\"2016-05-11T10:31:04+00:00\",\"dateModified\":\"2020-07-31T14:18:17+00:00\",\"breadcrumb\":{\"@id\":\"https:\/\/abc.demo.merada.dev\/de\/stellenangebote\/#breadcrumb\"},\"inLanguage\":\"de-DE\",\"potentialAction\":[{\"@type\":\"ReadAction\",\"target\":[\"https:\/\/abc.demo.merada.dev\/de\/stellenangebote\/\"]}]},{\"@type\":\"ImageObject\",\"inLanguage\":\"de-DE\",\"@id\":\"https:\/\/abc.demo.merada.dev\/de\/stellenangebote\/#primaryimage\",\"url\":\"https:\/\/abc.demo.merada.dev\/wp-content\/uploads\/2016\/04\/banner-2.jpg\",\"contentUrl\":\"https:\/\/abc.demo.merada.dev\/wp-content\/uploads\/2016\/04\/banner-2.jpg\",\"width\":1349,\"height\":398},{\"@type\":\"BreadcrumbList\",\"@id\":\"https:\/\/abc.demo.merada.dev\/de\/stellenangebote\/#breadcrumb\",\"itemListElement\":[{\"@type\":\"ListItem\",\"position\":1,\"name\":\"Home\",\"item\":\"https:\/\/abc.demo.merada.dev\/de\/\"},{\"@type\":\"ListItem\",\"position\":2,\"name\":\"Stellenangebote\"}]},{\"@type\":\"WebSite\",\"@id\":\"https:\/\/abc.demo.merada.dev\/#website\",\"url\":\"https:\/\/abc.demo.merada.dev\/\",\"name\":\"ABC Grupi AS\",\"description\":\"ABC Grupi koduleht\",\"potentialAction\":[{\"@type\":\"SearchAction\",\"target\":{\"@type\":\"EntryPoint\",\"urlTemplate\":\"https:\/\/abc.demo.merada.dev\/?s={search_term_string}\"},\"query-input\":\"required name=search_term_string\"}],\"inLanguage\":\"de-DE\"}]}<\/script>\n<!-- \/ Yoast SEO plugin. -->","yoast_head_json":{"title":"Stellenangebote - ABC Grupi AS","robots":{"index":"index","follow":"follow","max-snippet":"max-snippet:-1","max-image-preview":"max-image-preview:large","max-video-preview":"max-video-preview:-1"},"canonical":"https:\/\/abc.demo.merada.dev\/de\/stellenangebote\/","og_locale":"de_DE","og_type":"article","og_title":"Stellenangebote - ABC Grupi AS","og_description":"J\u00fcri Vips, Gr\u00fcnder von ABC Grupp: Das Ziel der ABC Grupp besteht darin, einen Konzern zu entwickeln, der aus Handelsunternehmen mit den besten Mitarbeiterteams besteht. Die Grundlage f\u00fcr unseren Erfolg sind die M\u00f6glichkeiten zur schnellen Entwicklung und Selbstverwirklichung, die wir unseren leitenden Mitarbeitern und Spezialisten in tollen Arbeitsteams er\u00f6ffnen. Die Mitarbeiter unseres Unternehmens sind unser [&hellip;]","og_url":"https:\/\/abc.demo.merada.dev\/de\/stellenangebote\/","og_site_name":"ABC Grupi AS","article_modified_time":"2020-07-31T14:18:17+00:00","og_image":[{"width":1349,"height":398,"url":"https:\/\/abc.demo.merada.dev\/wp-content\/uploads\/2016\/04\/banner-2.jpg","type":"image\/jpeg"}],"twitter_card":"summary_large_image","twitter_misc":{"Gesch\u00e4tzte Lesezeit":"1 Minute"},"schema":{"@context":"https:\/\/schema.org","@graph":[{"@type":"WebPage","@id":"https:\/\/abc.demo.merada.dev\/de\/stellenangebote\/","url":"https:\/\/abc.demo.merada.dev\/de\/stellenangebote\/","name":"Stellenangebote - ABC Grupi AS","isPartOf":{"@id":"https:\/\/abc.demo.merada.dev\/#website"},"primaryImageOfPage":{"@id":"https:\/\/abc.demo.merada.dev\/de\/stellenangebote\/#primaryimage"},"image":{"@id":"https:\/\/abc.demo.merada.dev\/de\/stellenangebote\/#primaryimage"},"thumbnailUrl":"https:\/\/abc.demo.merada.dev\/wp-content\/uploads\/2016\/04\/banner-2.jpg","datePublished":"2016-05-11T10:31:04+00:00","dateModified":"2020-07-31T14:18:17+00:00","breadcrumb":{"@id":"https:\/\/abc.demo.merada.dev\/de\/stellenangebote\/#breadcrumb"},"inLanguage":"de-DE","potentialAction":[{"@type":"ReadAction","target":["https:\/\/abc.demo.merada.dev\/de\/stellenangebote\/"]}]},{"@type":"ImageObject","inLanguage":"de-DE","@id":"https:\/\/abc.demo.merada.dev\/de\/stellenangebote\/#primaryimage","url":"https:\/\/abc.demo.merada.dev\/wp-content\/uploads\/2016\/04\/banner-2.jpg","contentUrl":"https:\/\/abc.demo.merada.dev\/wp-content\/uploads\/2016\/04\/banner-2.jpg","width":1349,"height":398},{"@type":"BreadcrumbList","@id":"https:\/\/abc.demo.merada.dev\/de\/stellenangebote\/#breadcrumb","itemListElement":[{"@type":"ListItem","position":1,"name":"Home","item":"https:\/\/abc.demo.merada.dev\/de\/"},{"@type":"ListItem","position":2,"name":"Stellenangebote"}]},{"@type":"WebSite","@id":"https:\/\/abc.demo.merada.dev\/#website","url":"https:\/\/abc.demo.merada.dev\/","name":"ABC Grupi AS","description":"ABC Grupi koduleht","potentialAction":[{"@type":"SearchAction","target":{"@type":"EntryPoint","urlTemplate":"https:\/\/abc.demo.merada.dev\/?s={search_term_string}"},"query-input":"required name=search_term_string"}],"inLanguage":"de-DE"}]}},"_links":{"self":[{"href":"https:\/\/abc.demo.merada.dev\/de\/wp-json\/wp\/v2\/pages\/960"}],"collection":[{"href":"https:\/\/abc.demo.merada.dev\/de\/wp-json\/wp\/v2\/pages"}],"about":[{"href":"https:\/\/abc.demo.merada.dev\/de\/wp-json\/wp\/v2\/types\/page"}],"author":[{"embeddable":true,"href":"https:\/\/abc.demo.merada.dev\/de\/wp-json\/wp\/v2\/users\/7"}],"replies":[{"embeddable":true,"href":"https:\/\/abc.demo.merada.dev\/de\/wp-json\/wp\/v2\/comments?post=960"}],"version-history":[{"count":10,"href":"https:\/\/abc.demo.merada.dev\/de\/wp-json\/wp\/v2\/pages\/960\/revisions"}],"predecessor-version":[{"id":3021,"href":"https:\/\/abc.demo.merada.dev\/de\/wp-json\/wp\/v2\/pages\/960\/revisions\/3021"}],"wp:featuredmedia":[{"embeddable":true,"href":"https:\/\/abc.demo.merada.dev\/de\/wp-json\/wp\/v2\/media\/962"}],"wp:attachment":[{"href":"https:\/\/abc.demo.merada.dev\/de\/wp-json\/wp\/v2\/media?parent=960"}],"curies":[{"name":"wp","href":"https:\/\/api.w.org\/{rel}","templated":true}]}}