{"id":944,"date":"2016-05-11T11:25:48","date_gmt":"2016-05-11T08:25:48","guid":{"rendered":"http:\/\/www.abc.ee\/de\/?page_id=944"},"modified":"2021-05-24T15:16:04","modified_gmt":"2021-05-24T12:16:04","slug":"startseite","status":"publish","type":"page","link":"https:\/\/abc.demo.merada.dev\/de\/","title":{"rendered":"Startseite"},"content":{"rendered":"<p>Die ABC Grupp ist eine auf estnischem Kapital basierende Unternehmensgruppe.<\/p>\n<p>Die zur ABC Grupp geh\u00f6renden Firmen sind in verschiedenen Bereichen t\u00e4tig, doch haupts\u00e4chlich haben wir uns auf den Verkauf und Service von Kraftfahrzeugen und auf den Gro\u00dfhandel mit Lebensmitteln und Bedarfsg\u00fctern konzentriert. Die bekanntesten Unternehmen der ABC Grupp sind AbeStock AS und ABC Motors AS.<\/p>\n<p>Unsere motivierten Mitarbeiter und die anzubietenden Dienstleistungen unterst\u00fctzen Sie beim Erreichen Ihrer Ziele.<\/p>\n","protected":false},"excerpt":{"rendered":"<p>Die ABC Grupp ist eine auf estnischem Kapital basierende Unternehmensgruppe. Die zur ABC Grupp geh\u00f6renden Firmen sind in verschiedenen Bereichen t\u00e4tig, doch haupts\u00e4chlich haben wir uns auf den Verkauf und Service von Kraftfahrzeugen und auf den Gro\u00dfhandel mit Lebensmitteln und Bedarfsg\u00fctern konzentriert. Die bekanntesten Unternehmen der ABC Grupp sind AbeStock AS und ABC Motors AS. [&hellip;]<\/p>\n","protected":false},"author":7,"featured_media":1745,"parent":0,"menu_order":0,"comment_status":"closed","ping_status":"closed","template":"home-template.php","meta":{"_acf_changed":false,"footnotes":""},"class_list":["post-944","page","type-page","status-publish","has-post-thumbnail","hentry"],"acf":[],"yoast_head":"<!-- This site is optimized with the Yoast SEO plugin v23.3 - https:\/\/yoast.com\/wordpress\/plugins\/seo\/ -->\n<title>Startseite - ABC Grupi AS<\/title>\n<meta name=\"robots\" content=\"index, follow, max-snippet:-1, max-image-preview:large, max-video-preview:-1\" \/>\n<link rel=\"canonical\" href=\"https:\/\/abc.demo.merada.dev\/de\/\" \/>\n<meta property=\"og:locale\" content=\"de_DE\" \/>\n<meta property=\"og:type\" content=\"article\" \/>\n<meta property=\"og:title\" content=\"Startseite - ABC Grupi AS\" \/>\n<meta property=\"og:description\" content=\"Die ABC Grupp ist eine auf estnischem Kapital basierende Unternehmensgruppe. Die zur ABC Grupp geh\u00f6renden Firmen sind in verschiedenen Bereichen t\u00e4tig, doch haupts\u00e4chlich haben wir uns auf den Verkauf und Service von Kraftfahrzeugen und auf den Gro\u00dfhandel mit Lebensmitteln und Bedarfsg\u00fctern konzentriert. Die bekanntesten Unternehmen der ABC Grupp sind AbeStock AS und ABC Motors AS. [&hellip;]\" \/>\n<meta property=\"og:url\" content=\"https:\/\/abc.demo.merada.dev\/de\/\" \/>\n<meta property=\"og:site_name\" content=\"ABC Grupi AS\" \/>\n<meta property=\"article:modified_time\" content=\"2021-05-24T12:16:04+00:00\" \/>\n<meta property=\"og:image\" content=\"https:\/\/abc.demo.merada.dev\/wp-content\/uploads\/2017\/01\/Abc_group_web_bacground_pc_1.jpg\" \/>\n\t<meta property=\"og:image:width\" content=\"3840\" \/>\n\t<meta property=\"og:image:height\" content=\"1701\" \/>\n\t<meta property=\"og:image:type\" content=\"image\/jpeg\" \/>\n<meta name=\"twitter:card\" content=\"summary_large_image\" \/>\n<meta name=\"twitter:label1\" content=\"Gesch\u00e4tzte Lesezeit\" \/>\n\t<meta name=\"twitter:data1\" content=\"1 Minute\" \/>\n<script type=\"application\/ld+json\" class=\"yoast-schema-graph\">{\"@context\":\"https:\/\/schema.org\",\"@graph\":[{\"@type\":\"WebPage\",\"@id\":\"https:\/\/abc.demo.merada.dev\/de\/\",\"url\":\"https:\/\/abc.demo.merada.dev\/de\/\",\"name\":\"Startseite - ABC Grupi AS\",\"isPartOf\":{\"@id\":\"https:\/\/abc.demo.merada.dev\/#website\"},\"primaryImageOfPage\":{\"@id\":\"https:\/\/abc.demo.merada.dev\/de\/#primaryimage\"},\"image\":{\"@id\":\"https:\/\/abc.demo.merada.dev\/de\/#primaryimage\"},\"thumbnailUrl\":\"https:\/\/abc.demo.merada.dev\/wp-content\/uploads\/2017\/01\/Abc_group_web_bacground_pc_1.jpg\",\"datePublished\":\"2016-05-11T08:25:48+00:00\",\"dateModified\":\"2021-05-24T12:16:04+00:00\",\"breadcrumb\":{\"@id\":\"https:\/\/abc.demo.merada.dev\/de\/#breadcrumb\"},\"inLanguage\":\"de-DE\",\"potentialAction\":[{\"@type\":\"ReadAction\",\"target\":[\"https:\/\/abc.demo.merada.dev\/de\/\"]}]},{\"@type\":\"ImageObject\",\"inLanguage\":\"de-DE\",\"@id\":\"https:\/\/abc.demo.merada.dev\/de\/#primaryimage\",\"url\":\"https:\/\/abc.demo.merada.dev\/wp-content\/uploads\/2017\/01\/Abc_group_web_bacground_pc_1.jpg\",\"contentUrl\":\"https:\/\/abc.demo.merada.dev\/wp-content\/uploads\/2017\/01\/Abc_group_web_bacground_pc_1.jpg\",\"width\":3840,\"height\":1701},{\"@type\":\"BreadcrumbList\",\"@id\":\"https:\/\/abc.demo.merada.dev\/de\/#breadcrumb\",\"itemListElement\":[{\"@type\":\"ListItem\",\"position\":1,\"name\":\"Home\",\"item\":\"https:\/\/abc.demo.merada.dev\/de\/\"},{\"@type\":\"ListItem\",\"position\":2,\"name\":\"Startseite\"}]},{\"@type\":\"WebSite\",\"@id\":\"https:\/\/abc.demo.merada.dev\/#website\",\"url\":\"https:\/\/abc.demo.merada.dev\/\",\"name\":\"ABC Grupi AS\",\"description\":\"ABC Grupi koduleht\",\"potentialAction\":[{\"@type\":\"SearchAction\",\"target\":{\"@type\":\"EntryPoint\",\"urlTemplate\":\"https:\/\/abc.demo.merada.dev\/?s={search_term_string}\"},\"query-input\":\"required name=search_term_string\"}],\"inLanguage\":\"de-DE\"}]}<\/script>\n<!-- \/ Yoast SEO plugin. -->","yoast_head_json":{"title":"Startseite - ABC Grupi AS","robots":{"index":"index","follow":"follow","max-snippet":"max-snippet:-1","max-image-preview":"max-image-preview:large","max-video-preview":"max-video-preview:-1"},"canonical":"https:\/\/abc.demo.merada.dev\/de\/","og_locale":"de_DE","og_type":"article","og_title":"Startseite - ABC Grupi AS","og_description":"Die ABC Grupp ist eine auf estnischem Kapital basierende Unternehmensgruppe. Die zur ABC Grupp geh\u00f6renden Firmen sind in verschiedenen Bereichen t\u00e4tig, doch haupts\u00e4chlich haben wir uns auf den Verkauf und Service von Kraftfahrzeugen und auf den Gro\u00dfhandel mit Lebensmitteln und Bedarfsg\u00fctern konzentriert. Die bekanntesten Unternehmen der ABC Grupp sind AbeStock AS und ABC Motors AS. [&hellip;]","og_url":"https:\/\/abc.demo.merada.dev\/de\/","og_site_name":"ABC Grupi AS","article_modified_time":"2021-05-24T12:16:04+00:00","og_image":[{"width":3840,"height":1701,"url":"https:\/\/abc.demo.merada.dev\/wp-content\/uploads\/2017\/01\/Abc_group_web_bacground_pc_1.jpg","type":"image\/jpeg"}],"twitter_card":"summary_large_image","twitter_misc":{"Gesch\u00e4tzte Lesezeit":"1 Minute"},"schema":{"@context":"https:\/\/schema.org","@graph":[{"@type":"WebPage","@id":"https:\/\/abc.demo.merada.dev\/de\/","url":"https:\/\/abc.demo.merada.dev\/de\/","name":"Startseite - ABC Grupi AS","isPartOf":{"@id":"https:\/\/abc.demo.merada.dev\/#website"},"primaryImageOfPage":{"@id":"https:\/\/abc.demo.merada.dev\/de\/#primaryimage"},"image":{"@id":"https:\/\/abc.demo.merada.dev\/de\/#primaryimage"},"thumbnailUrl":"https:\/\/abc.demo.merada.dev\/wp-content\/uploads\/2017\/01\/Abc_group_web_bacground_pc_1.jpg","datePublished":"2016-05-11T08:25:48+00:00","dateModified":"2021-05-24T12:16:04+00:00","breadcrumb":{"@id":"https:\/\/abc.demo.merada.dev\/de\/#breadcrumb"},"inLanguage":"de-DE","potentialAction":[{"@type":"ReadAction","target":["https:\/\/abc.demo.merada.dev\/de\/"]}]},{"@type":"ImageObject","inLanguage":"de-DE","@id":"https:\/\/abc.demo.merada.dev\/de\/#primaryimage","url":"https:\/\/abc.demo.merada.dev\/wp-content\/uploads\/2017\/01\/Abc_group_web_bacground_pc_1.jpg","contentUrl":"https:\/\/abc.demo.merada.dev\/wp-content\/uploads\/2017\/01\/Abc_group_web_bacground_pc_1.jpg","width":3840,"height":1701},{"@type":"BreadcrumbList","@id":"https:\/\/abc.demo.merada.dev\/de\/#breadcrumb","itemListElement":[{"@type":"ListItem","position":1,"name":"Home","item":"https:\/\/abc.demo.merada.dev\/de\/"},{"@type":"ListItem","position":2,"name":"Startseite"}]},{"@type":"WebSite","@id":"https:\/\/abc.demo.merada.dev\/#website","url":"https:\/\/abc.demo.merada.dev\/","name":"ABC Grupi AS","description":"ABC Grupi koduleht","potentialAction":[{"@type":"SearchAction","target":{"@type":"EntryPoint","urlTemplate":"https:\/\/abc.demo.merada.dev\/?s={search_term_string}"},"query-input":"required name=search_term_string"}],"inLanguage":"de-DE"}]}},"_links":{"self":[{"href":"https:\/\/abc.demo.merada.dev\/de\/wp-json\/wp\/v2\/pages\/944"}],"collection":[{"href":"https:\/\/abc.demo.merada.dev\/de\/wp-json\/wp\/v2\/pages"}],"about":[{"href":"https:\/\/abc.demo.merada.dev\/de\/wp-json\/wp\/v2\/types\/page"}],"author":[{"embeddable":true,"href":"https:\/\/abc.demo.merada.dev\/de\/wp-json\/wp\/v2\/users\/7"}],"replies":[{"embeddable":true,"href":"https:\/\/abc.demo.merada.dev\/de\/wp-json\/wp\/v2\/comments?post=944"}],"version-history":[{"count":22,"href":"https:\/\/abc.demo.merada.dev\/de\/wp-json\/wp\/v2\/pages\/944\/revisions"}],"predecessor-version":[{"id":3137,"href":"https:\/\/abc.demo.merada.dev\/de\/wp-json\/wp\/v2\/pages\/944\/revisions\/3137"}],"wp:featuredmedia":[{"embeddable":true,"href":"https:\/\/abc.demo.merada.dev\/de\/wp-json\/wp\/v2\/media\/1745"}],"wp:attachment":[{"href":"https:\/\/abc.demo.merada.dev\/de\/wp-json\/wp\/v2\/media?parent=944"}],"curies":[{"name":"wp","href":"https:\/\/api.w.org\/{rel}","templated":true}]}}