{"id":2568,"date":"2020-05-09T22:53:17","date_gmt":"2020-05-09T19:53:17","guid":{"rendered":"https:\/\/www.abc.ee\/?page_id=2568"},"modified":"2020-05-09T22:57:54","modified_gmt":"2020-05-09T19:57:54","slug":"clients-privacy-policy","status":"publish","type":"page","link":"https:\/\/abc.demo.merada.dev\/de\/clients-privacy-policy\/","title":{"rendered":"Privacy Policy"},"content":{"rendered":"\n<h1 class=\"wp-block-heading\"><strong>Cookies<\/strong><\/h1>\n\n\n\n<br>&nbsp;<\/br>\n\n\n\n<p>Unsere Website verwendet Cookies, um eine bessere Benutzererfahrung zu gew\u00e4hrleisten. Durch die Nutzung dieser Website stimmen Sie der Verwendung von Cookies entsprechend der nachfolgenden Beschreibung zu (es sei denn, Ihr Browser ist so eingestellt, dass es keine Cookies zul\u00e4sst). Der Zweck dieser Datenschutzerkl\u00e4rung besteht darin, Sie \u00fcber die Typen und Verwendungsweisen der gesammelten Informationen zu informieren. Wir respektieren die Privatsph\u00e4re der Benutzer unserer Website und ergreifen verschiedene Ma\u00dfnahmen, um die Daten der an uns \u00fcbermittelten Cookies zu sch\u00fctzen.<\/p>\n\n\n\n<br>&nbsp;<\/br>\n\n\n\n<p><strong>Wie funktionieren Cookies?<\/strong><\/p>\n\n\n\n<p>Cookies sind kleine Dateien, die an Ihren Computer gesendet werden, wenn Sie eine Website besuchen. Bei jedem weiteren Besuch werden die Cookies an die urspr\u00fcngliche Website oder eine andere Website zur\u00fcckgesendet, die das Cookie erkennt. Cookies dienen als Speicher der Website und erm\u00f6glichen es der Website, Ihren Computer bei wiederholten Besuchen zu erkennen. Ebenfalls k\u00f6nnen Cookies sich Ihre Vorlieben merken, die Nutzungserfahrung verbessern und die angezeigten Werbungen gerade f\u00fcr Sie anpassen. <a href=\"allaboutcookies.org\">allaboutcookies.org<\/a>.<\/p>\n\n\n\n<br>&nbsp;<\/br>\n\n\n\n<p><strong>Warum verwenden wir Cookies?<\/strong><\/p>\n\n\n\n<p> Verbesserung der Website\nWir verwenden Analysetools (Google Analytics), um besser zu verstehen, wie unsere Website genutzt wird. Das Analysetool sammelt anonym Daten zum Besucherverhalten, die durch den Cookie erzeugten Daten werden an Google \u00fcbermittelt und wir verwenden diese Informationen, um die Nutzung der Website durch Besucher zu bewerten und statistische Berichte \u00fcber unsere Homepage zu erstellen.\nBewertung der Wirksamkeit von Verkaufsf\u00f6rderungsma\u00dfnahmen\nWir beobachten, wie unsere Website und \u00fcber welche Quellen erreicht wurde, so k\u00f6nnen wir auch die Wirksamkeit der Werbekampagnen bewerten.\n<\/p>\n\n\n\n<br>&nbsp;<\/br>\n\n\n\n<p><strong>Wie k\u00f6nnen Cookies verwaltet werden?<\/strong><\/p>\n\n\n\n<p>Die meisten Webbrowser akzeptieren Cookies, jedoch in der Regel k\u00f6nnen Sie Ihre Browsereinstellungen \u00e4ndern, um neue Cookies abzulehnen, vorhandene Cookies zu verbieten oder sich einfach \u00fcber neue Cookies informieren zu lassen, die an Ihren Computer gesendet werden. Informationen dazu, wie Sie den Browser so einstellen, dass Cookies abgelehnt oder Sie vor Cookies gewarnt werden, finden Sie im Abschnitt &#8222;Hilfe&#8220; (\u201cHelp\u201d) des Browsers.<\/p>\n\n\n\n<br>&nbsp;<\/br>\n\n\n\n<p><strong>Sicherheit<\/strong><\/p>\n\n\n\n<p>Wir legen gro\u00dfen Wert auf den Schutz der Daten der Benutzer unserer Website und unternehmen alle zumutbaren Anstrengungen, um die Vertraulichkeit Ihrer personenbezogenen Daten zu gew\u00e4hrleisten. Wenn Sie weitere Fragen haben, kontaktieren Sie uns bitte unter: <a href=\"mailto:info@abc.ee\">info@abc.ee<\/a><\/p>\n","protected":false},"excerpt":{"rendered":"<p>Cookies &nbsp; Unsere Website verwendet Cookies, um eine bessere Benutzererfahrung zu gew\u00e4hrleisten. Durch die Nutzung dieser Website stimmen Sie der Verwendung von Cookies entsprechend der nachfolgenden Beschreibung zu (es sei denn, Ihr Browser ist so eingestellt, dass es keine Cookies zul\u00e4sst). Der Zweck dieser Datenschutzerkl\u00e4rung besteht darin, Sie \u00fcber die Typen und Verwendungsweisen der gesammelten [&hellip;]<\/p>\n","protected":false},"author":2,"featured_media":0,"parent":0,"menu_order":0,"comment_status":"closed","ping_status":"closed","template":"","meta":{"_acf_changed":false,"footnotes":""},"class_list":["post-2568","page","type-page","status-publish","hentry"],"acf":[],"yoast_head":"<!-- This site is optimized with the Yoast SEO plugin v23.3 - https:\/\/yoast.com\/wordpress\/plugins\/seo\/ -->\n<title>Privacy Policy - ABC Grupi AS<\/title>\n<meta name=\"robots\" content=\"index, follow, max-snippet:-1, max-image-preview:large, max-video-preview:-1\" \/>\n<link rel=\"canonical\" href=\"https:\/\/abc.demo.merada.dev\/de\/clients-privacy-policy\/\" \/>\n<meta property=\"og:locale\" content=\"de_DE\" \/>\n<meta property=\"og:type\" content=\"article\" \/>\n<meta property=\"og:title\" content=\"Privacy Policy - ABC Grupi AS\" \/>\n<meta property=\"og:description\" content=\"Cookies &nbsp; Unsere Website verwendet Cookies, um eine bessere Benutzererfahrung zu gew\u00e4hrleisten. Durch die Nutzung dieser Website stimmen Sie der Verwendung von Cookies entsprechend der nachfolgenden Beschreibung zu (es sei denn, Ihr Browser ist so eingestellt, dass es keine Cookies zul\u00e4sst). Der Zweck dieser Datenschutzerkl\u00e4rung besteht darin, Sie \u00fcber die Typen und Verwendungsweisen der gesammelten [&hellip;]\" \/>\n<meta property=\"og:url\" content=\"https:\/\/abc.demo.merada.dev\/de\/clients-privacy-policy\/\" \/>\n<meta property=\"og:site_name\" content=\"ABC Grupi AS\" \/>\n<meta property=\"article:modified_time\" content=\"2020-05-09T19:57:54+00:00\" \/>\n<meta name=\"twitter:card\" content=\"summary_large_image\" \/>\n<meta name=\"twitter:label1\" content=\"Gesch\u00e4tzte Lesezeit\" \/>\n\t<meta name=\"twitter:data1\" content=\"2 Minuten\" \/>\n<script type=\"application\/ld+json\" class=\"yoast-schema-graph\">{\"@context\":\"https:\/\/schema.org\",\"@graph\":[{\"@type\":\"WebPage\",\"@id\":\"https:\/\/abc.demo.merada.dev\/de\/clients-privacy-policy\/\",\"url\":\"https:\/\/abc.demo.merada.dev\/de\/clients-privacy-policy\/\",\"name\":\"Privacy Policy - ABC Grupi AS\",\"isPartOf\":{\"@id\":\"https:\/\/abc.demo.merada.dev\/#website\"},\"datePublished\":\"2020-05-09T19:53:17+00:00\",\"dateModified\":\"2020-05-09T19:57:54+00:00\",\"breadcrumb\":{\"@id\":\"https:\/\/abc.demo.merada.dev\/de\/clients-privacy-policy\/#breadcrumb\"},\"inLanguage\":\"de-DE\",\"potentialAction\":[{\"@type\":\"ReadAction\",\"target\":[\"https:\/\/abc.demo.merada.dev\/de\/clients-privacy-policy\/\"]}]},{\"@type\":\"BreadcrumbList\",\"@id\":\"https:\/\/abc.demo.merada.dev\/de\/clients-privacy-policy\/#breadcrumb\",\"itemListElement\":[{\"@type\":\"ListItem\",\"position\":1,\"name\":\"Home\",\"item\":\"https:\/\/abc.demo.merada.dev\/de\/\"},{\"@type\":\"ListItem\",\"position\":2,\"name\":\"Privacy Policy\"}]},{\"@type\":\"WebSite\",\"@id\":\"https:\/\/abc.demo.merada.dev\/#website\",\"url\":\"https:\/\/abc.demo.merada.dev\/\",\"name\":\"ABC Grupi AS\",\"description\":\"ABC Grupi koduleht\",\"potentialAction\":[{\"@type\":\"SearchAction\",\"target\":{\"@type\":\"EntryPoint\",\"urlTemplate\":\"https:\/\/abc.demo.merada.dev\/?s={search_term_string}\"},\"query-input\":\"required name=search_term_string\"}],\"inLanguage\":\"de-DE\"}]}<\/script>\n<!-- \/ Yoast SEO plugin. -->","yoast_head_json":{"title":"Privacy Policy - ABC Grupi AS","robots":{"index":"index","follow":"follow","max-snippet":"max-snippet:-1","max-image-preview":"max-image-preview:large","max-video-preview":"max-video-preview:-1"},"canonical":"https:\/\/abc.demo.merada.dev\/de\/clients-privacy-policy\/","og_locale":"de_DE","og_type":"article","og_title":"Privacy Policy - ABC Grupi AS","og_description":"Cookies &nbsp; Unsere Website verwendet Cookies, um eine bessere Benutzererfahrung zu gew\u00e4hrleisten. Durch die Nutzung dieser Website stimmen Sie der Verwendung von Cookies entsprechend der nachfolgenden Beschreibung zu (es sei denn, Ihr Browser ist so eingestellt, dass es keine Cookies zul\u00e4sst). Der Zweck dieser Datenschutzerkl\u00e4rung besteht darin, Sie \u00fcber die Typen und Verwendungsweisen der gesammelten [&hellip;]","og_url":"https:\/\/abc.demo.merada.dev\/de\/clients-privacy-policy\/","og_site_name":"ABC Grupi AS","article_modified_time":"2020-05-09T19:57:54+00:00","twitter_card":"summary_large_image","twitter_misc":{"Gesch\u00e4tzte Lesezeit":"2 Minuten"},"schema":{"@context":"https:\/\/schema.org","@graph":[{"@type":"WebPage","@id":"https:\/\/abc.demo.merada.dev\/de\/clients-privacy-policy\/","url":"https:\/\/abc.demo.merada.dev\/de\/clients-privacy-policy\/","name":"Privacy Policy - ABC Grupi AS","isPartOf":{"@id":"https:\/\/abc.demo.merada.dev\/#website"},"datePublished":"2020-05-09T19:53:17+00:00","dateModified":"2020-05-09T19:57:54+00:00","breadcrumb":{"@id":"https:\/\/abc.demo.merada.dev\/de\/clients-privacy-policy\/#breadcrumb"},"inLanguage":"de-DE","potentialAction":[{"@type":"ReadAction","target":["https:\/\/abc.demo.merada.dev\/de\/clients-privacy-policy\/"]}]},{"@type":"BreadcrumbList","@id":"https:\/\/abc.demo.merada.dev\/de\/clients-privacy-policy\/#breadcrumb","itemListElement":[{"@type":"ListItem","position":1,"name":"Home","item":"https:\/\/abc.demo.merada.dev\/de\/"},{"@type":"ListItem","position":2,"name":"Privacy Policy"}]},{"@type":"WebSite","@id":"https:\/\/abc.demo.merada.dev\/#website","url":"https:\/\/abc.demo.merada.dev\/","name":"ABC Grupi AS","description":"ABC Grupi koduleht","potentialAction":[{"@type":"SearchAction","target":{"@type":"EntryPoint","urlTemplate":"https:\/\/abc.demo.merada.dev\/?s={search_term_string}"},"query-input":"required name=search_term_string"}],"inLanguage":"de-DE"}]}},"_links":{"self":[{"href":"https:\/\/abc.demo.merada.dev\/de\/wp-json\/wp\/v2\/pages\/2568"}],"collection":[{"href":"https:\/\/abc.demo.merada.dev\/de\/wp-json\/wp\/v2\/pages"}],"about":[{"href":"https:\/\/abc.demo.merada.dev\/de\/wp-json\/wp\/v2\/types\/page"}],"author":[{"embeddable":true,"href":"https:\/\/abc.demo.merada.dev\/de\/wp-json\/wp\/v2\/users\/2"}],"replies":[{"embeddable":true,"href":"https:\/\/abc.demo.merada.dev\/de\/wp-json\/wp\/v2\/comments?post=2568"}],"version-history":[{"count":1,"href":"https:\/\/abc.demo.merada.dev\/de\/wp-json\/wp\/v2\/pages\/2568\/revisions"}],"predecessor-version":[{"id":2570,"href":"https:\/\/abc.demo.merada.dev\/de\/wp-json\/wp\/v2\/pages\/2568\/revisions\/2570"}],"wp:attachment":[{"href":"https:\/\/abc.demo.merada.dev\/de\/wp-json\/wp\/v2\/media?parent=2568"}],"curies":[{"name":"wp","href":"https:\/\/api.w.org\/{rel}","templated":true}]}}